{"id":5755,"date":"2023-07-13T14:48:38","date_gmt":"2023-07-13T12:48:38","guid":{"rendered":"https:\/\/lesmassagesdejeanne.com\/?page_id=5755"},"modified":"2025-09-29T20:27:25","modified_gmt":"2025-09-29T18:27:25","slug":"les-ateliers","status":"publish","type":"page","link":"https:\/\/lesmassagesdejeanne.com\/index.php\/les-ateliers\/","title":{"rendered":"Les ateliers"},"content":{"rendered":"<p>[et_pb_section fb_built=\u00a0\u00bb1&Prime; admin_label=\u00a0\u00bbHeader\u00a0\u00bb _builder_version=\u00a0\u00bb4.27.4&Prime; background_enable_color=\u00a0\u00bboff\u00a0\u00bb use_background_color_gradient=\u00a0\u00bbon\u00a0\u00bb background_color_gradient_stops=\u00a0\u00bbrgba(0,0,0,0) 0%|rgba(249,243,235,0.8) 100%\u00a0\u00bb background_color_gradient_start=\u00a0\u00bbrgba(0,0,0,0)\u00a0\u00bb background_color_gradient_end=\u00a0\u00bbrgba(249,243,235,0.8)\u00a0\u00bb background_image=\u00a0\u00bbhttps:\/\/lesmassagesdejeanne.com\/wp-content\/uploads\/2023\/04\/Sans-titre-5.png\u00a0\u00bb parallax=\u00a0\u00bbon\u00a0\u00bb z_index=\u00a0\u00bb1&Prime; custom_padding=\u00a0\u00bb0vw||0vw||false|false\u00a0\u00bb box_shadow_style=\u00a0\u00bbpreset7&Prime; box_shadow_horizontal=\u00a0\u00bb0px\u00a0\u00bb box_shadow_vertical=\u00a0\u00bb-6vw\u00a0\u00bb box_shadow_color=\u00a0\u00bb#ffffff\u00a0\u00bb locked=\u00a0\u00bboff\u00a0\u00bb global_colors_info=\u00a0\u00bb{}\u00a0\u00bb][et_pb_row use_custom_gutter=\u00a0\u00bbon\u00a0\u00bb _builder_version=\u00a0\u00bb4.16&Prime; z_index=\u00a0\u00bb10&Prime; width=\u00a0\u00bb78.8%\u00a0\u00bb width_tablet=\u00a0\u00bb\u00a0\u00bb width_phone=\u00a0\u00bb\u00a0\u00bb width_last_edited=\u00a0\u00bbon|phone\u00a0\u00bb max_width=\u00a0\u00bb600px\u00a0\u00bb locked=\u00a0\u00bboff\u00a0\u00bb global_colors_info=\u00a0\u00bb{}\u00a0\u00bb width__hover_enabled=\u00a0\u00bboff|desktop\u00a0\u00bb][et_pb_column type=\u00a0\u00bb4_4&Prime; _builder_version=\u00a0\u00bb4.16&Prime; global_colors_info=\u00a0\u00bb{}\u00a0\u00bb][et_pb_image src=\u00a0\u00bbhttps:\/\/lesmassagesdejeanne.com\/wp-content\/uploads\/2021\/02\/Logo-blanc-Jeanne2.png\u00a0\u00bb alt=\u00a0\u00bbmassage pr\u00e9natal dunkerque femme enceinte\u00a0\u00bb title_text=\u00a0\u00bbLogo blanc Jeanne2&Prime; align=\u00a0\u00bbcenter\u00a0\u00bb _builder_version=\u00a0\u00bb4.27.4&Prime; _module_preset=\u00a0\u00bbdefault\u00a0\u00bb width=\u00a0\u00bb39%\u00a0\u00bb max_width=\u00a0\u00bb100%\u00a0\u00bb module_alignment_tablet=\u00a0\u00bbcenter\u00a0\u00bb module_alignment_phone=\u00a0\u00bbcenter\u00a0\u00bb module_alignment_last_edited=\u00a0\u00bbon|phone\u00a0\u00bb global_colors_info=\u00a0\u00bb{}\u00a0\u00bb][\/et_pb_image][et_pb_text content_tablet=\u00a0\u00bb\u00a0\u00bb content_phone=\u00a0\u00bb\u00a0\u00bb content_last_edited=\u00a0\u00bbon|phone\u00a0\u00bb _builder_version=\u00a0\u00bb4.27.4&Prime; text_font=\u00a0\u00bbSacramento||||||||\u00a0\u00bb text_text_color=\u00a0\u00bb#ffffff\u00a0\u00bb text_font_size=\u00a0\u00bb72px\u00a0\u00bb text_line_height=\u00a0\u00bb1.4em\u00a0\u00bb header_text_color=\u00a0\u00bb#545454&Prime; header_font_size=\u00a0\u00bb74px\u00a0\u00bb text_orientation=\u00a0\u00bbcenter\u00a0\u00bb max_width_tablet=\u00a0\u00bb400px\u00a0\u00bb max_width_phone=\u00a0\u00bb\u00a0\u00bb max_width_last_edited=\u00a0\u00bbon|tablet\u00a0\u00bb module_alignment=\u00a0\u00bbcenter\u00a0\u00bb custom_margin=\u00a0\u00bb||30px||false|false\u00a0\u00bb custom_padding=\u00a0\u00bb||0px|||\u00a0\u00bb text_font_size_tablet=\u00a0\u00bb16px\u00a0\u00bb text_font_size_phone=\u00a0\u00bb14px\u00a0\u00bb text_font_size_last_edited=\u00a0\u00bbon|desktop\u00a0\u00bb text_line_height_tablet=\u00a0\u00bb\u00a0\u00bb text_line_height_phone=\u00a0\u00bb\u00a0\u00bb text_line_height_last_edited=\u00a0\u00bbon|desktop\u00a0\u00bb header_font_size_tablet=\u00a0\u00bb\u00a0\u00bb header_font_size_phone=\u00a0\u00bb39px\u00a0\u00bb header_font_size_last_edited=\u00a0\u00bbon|phone\u00a0\u00bb global_colors_info=\u00a0\u00bb{}\u00a0\u00bb]<\/p>\n<h1><span style=\"color: #ffffff;\">Les massages de Jeanne<\/span><\/h1>\n<p>[\/et_pb_text][et_pb_text _builder_version=\u00a0\u00bb4.27.4&Prime; text_font=\u00a0\u00bb||||||||\u00a0\u00bb text_text_color=\u00a0\u00bb#545454&Prime; text_font_size=\u00a0\u00bb20px\u00a0\u00bb text_line_height=\u00a0\u00bb1.4em\u00a0\u00bb header_font=\u00a0\u00bbJosefin Sans||||||||\u00a0\u00bb header_text_color=\u00a0\u00bb#545454&Prime; header_2_font=\u00a0\u00bbJosefin Sans||||||||\u00a0\u00bb header_2_text_color=\u00a0\u00bb#545454&Prime; text_orientation=\u00a0\u00bbcenter\u00a0\u00bb max_width_tablet=\u00a0\u00bb400px\u00a0\u00bb max_width_phone=\u00a0\u00bb\u00a0\u00bb max_width_last_edited=\u00a0\u00bbon|tablet\u00a0\u00bb module_alignment=\u00a0\u00bbcenter\u00a0\u00bb min_height=\u00a0\u00bb25px\u00a0\u00bb custom_margin=\u00a0\u00bb||30px||false|false\u00a0\u00bb text_font_size_tablet=\u00a0\u00bb16px\u00a0\u00bb text_font_size_phone=\u00a0\u00bb14px\u00a0\u00bb text_font_size_last_edited=\u00a0\u00bbon|desktop\u00a0\u00bb text_line_height_tablet=\u00a0\u00bb\u00a0\u00bb text_line_height_phone=\u00a0\u00bb\u00a0\u00bb text_line_height_last_edited=\u00a0\u00bbon|phone\u00a0\u00bb global_colors_info=\u00a0\u00bb{}\u00a0\u00bb]<\/p>\n<h2><span style=\"color: #ffffff;\">Les ateliers reli\u00e9s au bien-\u00eatre et au mieux-\u00eatre, du tout-petit \u00e0 l&rsquo;adulte !<\/span><\/h2>\n<p>[\/et_pb_text][\/et_pb_column][\/et_pb_row][\/et_pb_section][et_pb_section fb_built=\u00a0\u00bb1&Prime; admin_label=\u00a0\u00bbFooter\u00a0\u00bb _builder_version=\u00a0\u00bb4.16&Prime; background_color=\u00a0\u00bb#ffffff\u00a0\u00bb use_background_color_gradient=\u00a0\u00bbon\u00a0\u00bb background_color_gradient_stops=\u00a0\u00bbrgba(255,255,255,0.8) 0%|rgba(255,255,255,0.8) 100%\u00a0\u00bb background_color_gradient_overlays_image=\u00a0\u00bbon\u00a0\u00bb background_color_gradient_start=\u00a0\u00bbrgba(255,255,255,0.8)\u00a0\u00bb background_color_gradient_end=\u00a0\u00bbrgba(255,255,255,0.8)\u00a0\u00bb background_image=\u00a0\u00bbhttp:\/\/lesmassagesdejeanne.com\/wp-content\/uploads\/2021\/01\/holistic-healer-21.png\u00a0\u00bb background_size=\u00a0\u00bbinitial\u00a0\u00bb background_position=\u00a0\u00bbtop_left\u00a0\u00bb background_repeat=\u00a0\u00bbrepeat\u00a0\u00bb overflow-x=\u00a0\u00bbhidden\u00a0\u00bb overflow-y=\u00a0\u00bbhidden\u00a0\u00bb locked=\u00a0\u00bboff\u00a0\u00bb global_colors_info=\u00a0\u00bb{}\u00a0\u00bb][et_pb_row column_structure=\u00a0\u00bb1_2,1_2&Prime; use_custom_gutter=\u00a0\u00bbon\u00a0\u00bb gutter_width=\u00a0\u00bb1&Prime; make_equal=\u00a0\u00bbon\u00a0\u00bb _builder_version=\u00a0\u00bb4.27.4&Prime; custom_margin=\u00a0\u00bb13px|auto|-35px|auto||\u00a0\u00bb custom_padding=\u00a0\u00bb0px||0px||true|\u00a0\u00bb border_radii=\u00a0\u00bbon|2px|2px|2px|2px\u00a0\u00bb border_width_bottom=\u00a0\u00bb0px\u00a0\u00bb global_colors_info=\u00a0\u00bb{}\u00a0\u00bb][et_pb_column type=\u00a0\u00bb1_2&Prime; _builder_version=\u00a0\u00bb4.16&Prime; custom_padding=\u00a0\u00bb30px|30px|30px|30px|true|true\u00a0\u00bb animation_style=\u00a0\u00bbfade\u00a0\u00bb link_option_url=\u00a0\u00bbhttps:\/\/lesmassagesdejeanne.com\/index.php\/massage-bebe-dunkerque\/\u00a0\u00bb border_width_all=\u00a0\u00bb1px\u00a0\u00bb global_colors_info=\u00a0\u00bb{}\u00a0\u00bb][et_pb_text _builder_version=\u00a0\u00bb4.27.4&Prime; text_font=\u00a0\u00bb||||||||\u00a0\u00bb text_font_size=\u00a0\u00bb16px\u00a0\u00bb text_line_height=\u00a0\u00bb1.8em\u00a0\u00bb header_3_font=\u00a0\u00bbJosefin Sans||||||||\u00a0\u00bb header_3_line_height=\u00a0\u00bb1.4em\u00a0\u00bb custom_padding=\u00a0\u00bb||1px|||\u00a0\u00bb hover_enabled=\u00a0\u00bb0&Prime; text_font_size_tablet=\u00a0\u00bb\u00a0\u00bb text_font_size_phone=\u00a0\u00bb14px\u00a0\u00bb text_font_size_last_edited=\u00a0\u00bbon|phone\u00a0\u00bb header_3_font_size_tablet=\u00a0\u00bb20px\u00a0\u00bb header_3_font_size_phone=\u00a0\u00bb18px\u00a0\u00bb header_3_font_size_last_edited=\u00a0\u00bbon|phone\u00a0\u00bb header_3_line_height_tablet=\u00a0\u00bb\u00a0\u00bb header_3_line_height_phone=\u00a0\u00bb1.8em\u00a0\u00bb header_3_line_height_last_edited=\u00a0\u00bbon|phone\u00a0\u00bb locked=\u00a0\u00bboff\u00a0\u00bb global_colors_info=\u00a0\u00bb{}\u00a0\u00bb sticky_enabled=\u00a0\u00bb0&Prime;]<\/p>\n<h3><\/h3>\n<h3><\/h3>\n<h3>Les ateliers de Massage B\u00e9b\u00e9<\/h3>\n<p>Un atelier d&rsquo;initiation sur une s\u00e9ance ou un pack \u00ab\u00a0Bienvenue B\u00e9b\u00e9\u00a0\u00bb sur 3 s\u00e9ances destin\u00e9s aux parents et \u00e0 leur.s b\u00e9b\u00e9.s de 0 \u00e0 12 mois pour l&rsquo;apprentissage pas \u00e0 pas du massage de leur enfant.<\/p>\n<p><strong>EN SAVOIR PLUS\u00a0<\/strong><\/p>\n<p>[\/et_pb_text][et_pb_image src=\u00a0\u00bbhttps:\/\/lesmassagesdejeanne.com\/wp-content\/uploads\/2022\/02\/2.png\u00a0\u00bb alt=\u00a0\u00bbmassage b\u00e9b\u00e9 dunkerque\u00a0\u00bb title_text=\u00a0\u00bb2&Prime; url=\u00a0\u00bbhttps:\/\/lesmassagesdejeanne.com\/index.php\/massage-bebe-dunkerque\/\u00a0\u00bb _builder_version=\u00a0\u00bb4.27.4&Prime; _module_preset=\u00a0\u00bbdefault\u00a0\u00bb global_colors_info=\u00a0\u00bb{}\u00a0\u00bb][\/et_pb_image][\/et_pb_column][et_pb_column type=\u00a0\u00bb1_2&Prime; _builder_version=\u00a0\u00bb4.27.4&Prime; custom_padding=\u00a0\u00bb30px|30px|30px|30px|true|true\u00a0\u00bb link_option_url=\u00a0\u00bbhttps:\/\/lesmassagesdejeanne.com\/index.php\/atelier-dinitiation-au-massage\/\u00a0\u00bb border_width_all=\u00a0\u00bb1px\u00a0\u00bb global_colors_info=\u00a0\u00bb{}\u00a0\u00bb][et_pb_text _builder_version=\u00a0\u00bb4.27.4&Prime; text_font=\u00a0\u00bbMuli||||||||\u00a0\u00bb text_font_size=\u00a0\u00bb16px\u00a0\u00bb text_line_height=\u00a0\u00bb1.8em\u00a0\u00bb header_3_font=\u00a0\u00bbJosefin Sans||||||||\u00a0\u00bb header_3_line_height=\u00a0\u00bb1.4em\u00a0\u00bb custom_padding=\u00a0\u00bb||0px|||\u00a0\u00bb text_font_size_tablet=\u00a0\u00bb\u00a0\u00bb text_font_size_phone=\u00a0\u00bb14px\u00a0\u00bb text_font_size_last_edited=\u00a0\u00bbon|phone\u00a0\u00bb header_3_font_size_tablet=\u00a0\u00bb20px\u00a0\u00bb header_3_font_size_phone=\u00a0\u00bb18px\u00a0\u00bb header_3_font_size_last_edited=\u00a0\u00bbon|phone\u00a0\u00bb header_3_line_height_tablet=\u00a0\u00bb\u00a0\u00bb header_3_line_height_phone=\u00a0\u00bb1.8em\u00a0\u00bb header_3_line_height_last_edited=\u00a0\u00bbon|phone\u00a0\u00bb locked=\u00a0\u00bboff\u00a0\u00bb global_colors_info=\u00a0\u00bb{}\u00a0\u00bb]<\/p>\n<h3><span>Atelier d\u2019initiation au massage intuitif<\/span><\/h3>\n<p><span>L\u2019atelier de 2 heures d\u2019initiation au massage intuitif se destine \u00e0 toutes celles et ceux qui souhaitent prendre confiance dans leur toucher, et apprendre des gestes de bases facilement reproduisible avec votre partenaire pour\u00a0<\/span><strong>prendre soin de l\u2019autre<\/strong><span>,\u00a0<\/span><strong>transmettre au mieux votre amour ou votre amiti\u00e9.<\/strong><\/p>\n<p><span style=\"color: #993366;\"><a href=\"https:\/\/lesmassagesdejeanne.com\/index.php\/atelier-dinitiation-au-massage\/\" style=\"color: #993366;\"><strong>EN SAVOIR PLUS<\/strong><\/a><\/span><\/p>\n<p><span style=\"color: #333333;\"><strong><\/strong><\/span><\/p>\n<p>[\/et_pb_text][et_pb_image src=\u00a0\u00bbhttps:\/\/lesmassagesdejeanne.com\/wp-content\/uploads\/2023\/04\/Pensee-du-jour-6.png\u00a0\u00bb alt=\u00a0\u00bbatelier de relaxation corporelle dunkerque\u00a0\u00bb title_text=\u00a0\u00bbatelier relaxation corporelle\u00a0\u00bb url=\u00a0\u00bbhttps:\/\/lesmassagesdejeanne.com\/index.php\/atelier-dinitiation-au-massage\/\u00a0\u00bb _builder_version=\u00a0\u00bb4.27.4&Prime; _module_preset=\u00a0\u00bbdefault\u00a0\u00bb global_colors_info=\u00a0\u00bb{}\u00a0\u00bb][\/et_pb_image][\/et_pb_column][\/et_pb_row][\/et_pb_section][et_pb_section fb_built=\u00a0\u00bb1&Prime; _builder_version=\u00a0\u00bb4.27.4&Prime; _module_preset=\u00a0\u00bbdefault\u00a0\u00bb background_image=\u00a0\u00bbhttps:\/\/lesmassagesdejeanne.com\/wp-content\/uploads\/2021\/01\/holistic-healer-47.jpg\u00a0\u00bb parallax=\u00a0\u00bbon\u00a0\u00bb global_colors_info=\u00a0\u00bb{}\u00a0\u00bb][et_pb_row _builder_version=\u00a0\u00bb4.27.4&Prime; _module_preset=\u00a0\u00bbdefault\u00a0\u00bb global_colors_info=\u00a0\u00bb{}\u00a0\u00bb][et_pb_column type=\u00a0\u00bb4_4&Prime; _builder_version=\u00a0\u00bb4.27.4&Prime; _module_preset=\u00a0\u00bbdefault\u00a0\u00bb global_colors_info=\u00a0\u00bb{}\u00a0\u00bb][et_pb_text _builder_version=\u00a0\u00bb4.27.4&Prime; _module_preset=\u00a0\u00bbdefault\u00a0\u00bb global_colors_info=\u00a0\u00bb{}\u00a0\u00bb]<\/p>\n<p><strong><span style=\"color: #333333;\">Des ateliers de massage Parent-enfants sont \u00e0 venir pour que je puisse vous aider \u00e0 adapter le massage \u00e0 travers tous les \u00e2ges ! <\/span><\/strong><\/p>\n<p><strong><span style=\"color: #333333;\">Restez connect\u00e9s \ud83d\ude42\u00a0<\/span><\/strong><\/p>\n<p>[\/et_pb_text][et_pb_social_media_follow icon_color=\u00a0\u00bb#000000&Prime; admin_label=\u00a0\u00bbSocial Media Follow\u00a0\u00bb _builder_version=\u00a0\u00bb4.27.4&Prime; positioning=\u00a0\u00bbabsolute\u00a0\u00bb position_origin_a=\u00a0\u00bbbottom_right\u00a0\u00bb position_origin_a_tablet=\u00a0\u00bb\u00a0\u00bb position_origin_a_phone=\u00a0\u00bb\u00a0\u00bb position_origin_a_last_edited=\u00a0\u00bbon|tablet\u00a0\u00bb position_origin_f_tablet=\u00a0\u00bb\u00a0\u00bb position_origin_f_phone=\u00a0\u00bb\u00a0\u00bb position_origin_f_last_edited=\u00a0\u00bbon|tablet\u00a0\u00bb position_origin_r_tablet=\u00a0\u00bb\u00a0\u00bb position_origin_r_phone=\u00a0\u00bb\u00a0\u00bb position_origin_r_last_edited=\u00a0\u00bbon|tablet\u00a0\u00bb width=\u00a0\u00bb30px\u00a0\u00bb width_tablet=\u00a0\u00bb100%\u00a0\u00bb width_phone=\u00a0\u00bb\u00a0\u00bb width_last_edited=\u00a0\u00bbon|tablet\u00a0\u00bb max_width_tablet=\u00a0\u00bb100%\u00a0\u00bb max_width_last_edited=\u00a0\u00bboff|desktop\u00a0\u00bb custom_margin_tablet=\u00a0\u00bb0px||||false|false\u00a0\u00bb custom_margin_last_edited=\u00a0\u00bboff|desktop\u00a0\u00bb positioning_tablet=\u00a0\u00bbrelative\u00a0\u00bb positioning_phone=\u00a0\u00bb\u00a0\u00bb positioning_last_edited=\u00a0\u00bbon|tablet\u00a0\u00bb module_alignment_tablet=\u00a0\u00bbleft\u00a0\u00bb module_alignment_phone=\u00a0\u00bb\u00a0\u00bb module_alignment_last_edited=\u00a0\u00bbon|tablet\u00a0\u00bb global_colors_info=\u00a0\u00bb{}\u00a0\u00bb][et_pb_social_media_follow_network social_network=\u00a0\u00bbfacebook\u00a0\u00bb url=\u00a0\u00bbhttps:\/\/www.facebook.com\/Les-massages-de-Jeanne-102220664920064&Prime; _builder_version=\u00a0\u00bb4.16&Prime; background_enable_color=\u00a0\u00bboff\u00a0\u00bb global_colors_info=\u00a0\u00bb{}\u00a0\u00bb follow_button=\u00a0\u00bboff\u00a0\u00bb url_new_window=\u00a0\u00bbon\u00a0\u00bb]facebook[\/et_pb_social_media_follow_network][et_pb_social_media_follow_network social_network=\u00a0\u00bbinstagram\u00a0\u00bb url=\u00a0\u00bbhttps:\/\/www.instagram.com\/massages_de_jeanne_dunkerque\/\u00a0\u00bb _builder_version=\u00a0\u00bb4.27.4&Prime; background_enable_color=\u00a0\u00bboff\u00a0\u00bb global_colors_info=\u00a0\u00bb{}\u00a0\u00bb follow_button=\u00a0\u00bboff\u00a0\u00bb url_new_window=\u00a0\u00bbon\u00a0\u00bb]instagram[\/et_pb_social_media_follow_network][et_pb_social_media_follow_network social_network=\u00a0\u00bblinkedin\u00a0\u00bb url=\u00a0\u00bbhttps:\/\/www.linkedin.com\/company\/les-massages-de-jeanne\u00a0\u00bb _builder_version=\u00a0\u00bb4.16&Prime; _module_preset=\u00a0\u00bbdefault\u00a0\u00bb background_enable_color=\u00a0\u00bboff\u00a0\u00bb global_colors_info=\u00a0\u00bb{}\u00a0\u00bb follow_button=\u00a0\u00bboff\u00a0\u00bb url_new_window=\u00a0\u00bbon\u00a0\u00bb]linkedin[\/et_pb_social_media_follow_network][\/et_pb_social_media_follow][\/et_pb_column][\/et_pb_row][\/et_pb_section]<\/p>\n","protected":false},"excerpt":{"rendered":"<p>D\u00e9couvrez mes ateliers o\u00f9 j&rsquo;aime vous transmettre la beaut\u00e9 de se mettre en lien par le massage !<\/p>\n","protected":false},"author":1,"featured_media":6196,"parent":0,"menu_order":0,"comment_status":"closed","ping_status":"closed","template":"","meta":{"_et_pb_use_builder":"on","_et_pb_old_content":"","_et_gb_content_width":"","footnotes":""},"class_list":["post-5755","page","type-page","status-publish","has-post-thumbnail","hentry"],"yoast_head":"<!-- This site is optimized with the Yoast SEO plugin v25.6 - https:\/\/yoast.com\/wordpress\/plugins\/seo\/ -->\n<title>Les ateliers | Les massages de Jeanne<\/title>\n<meta name=\"description\" content=\"D\u00e9couvrez mes ateliers o\u00f9 j&#039;aime vous transmettre la beaut\u00e9 de se mettre en lien par le massage ! atelier de massage b\u00e9b\u00e9 - massage intuitif\" \/>\n<meta name=\"robots\" content=\"index, follow, max-snippet:-1, max-image-preview:large, max-video-preview:-1\" \/>\n<link rel=\"canonical\" href=\"https:\/\/lesmassagesdejeanne.com\/index.php\/les-ateliers\/\" \/>\n<meta property=\"og:locale\" content=\"fr_FR\" \/>\n<meta property=\"og:type\" content=\"article\" \/>\n<meta property=\"og:title\" content=\"Les ateliers | Les massages de Jeanne\" \/>\n<meta property=\"og:description\" content=\"D\u00e9couvrez mes ateliers o\u00f9 j&#039;aime vous transmettre la beaut\u00e9 de se mettre en lien par le massage ! atelier de massage b\u00e9b\u00e9 - massage intuitif\" \/>\n<meta property=\"og:url\" content=\"https:\/\/lesmassagesdejeanne.com\/index.php\/les-ateliers\/\" \/>\n<meta property=\"og:site_name\" content=\"Les massages de Jeanne\" \/>\n<meta property=\"article:publisher\" content=\"https:\/\/www.facebook.com\/Les-massages-de-Jeanne-102220664920064\" \/>\n<meta property=\"article:modified_time\" content=\"2025-09-29T18:27:25+00:00\" \/>\n<meta property=\"og:image\" content=\"https:\/\/lesmassagesdejeanne.com\/wp-content\/uploads\/2025\/03\/Les-massages-de-Jeanne-1080-x-1350-px-28.png\" \/>\n\t<meta property=\"og:image:width\" content=\"1080\" \/>\n\t<meta property=\"og:image:height\" content=\"1350\" \/>\n\t<meta property=\"og:image:type\" content=\"image\/png\" \/>\n<meta name=\"twitter:card\" content=\"summary_large_image\" \/>\n<meta name=\"twitter:label1\" content=\"Dur\u00e9e de lecture estim\u00e9e\" \/>\n\t<meta name=\"twitter:data1\" content=\"2 minutes\" \/>\n<script type=\"application\/ld+json\" class=\"yoast-schema-graph\">{\"@context\":\"https:\/\/schema.org\",\"@graph\":[{\"@type\":\"WebPage\",\"@id\":\"https:\/\/lesmassagesdejeanne.com\/index.php\/les-ateliers\/\",\"url\":\"https:\/\/lesmassagesdejeanne.com\/index.php\/les-ateliers\/\",\"name\":\"Les ateliers | Les massages de Jeanne\",\"isPartOf\":{\"@id\":\"https:\/\/lesmassagesdejeanne.com\/#website\"},\"primaryImageOfPage\":{\"@id\":\"https:\/\/lesmassagesdejeanne.com\/index.php\/les-ateliers\/#primaryimage\"},\"image\":{\"@id\":\"https:\/\/lesmassagesdejeanne.com\/index.php\/les-ateliers\/#primaryimage\"},\"thumbnailUrl\":\"https:\/\/lesmassagesdejeanne.com\/wp-content\/uploads\/2025\/03\/Les-massages-de-Jeanne-1080-x-1350-px-28.png\",\"datePublished\":\"2023-07-13T12:48:38+00:00\",\"dateModified\":\"2025-09-29T18:27:25+00:00\",\"description\":\"D\u00e9couvrez mes ateliers o\u00f9 j'aime vous transmettre la beaut\u00e9 de se mettre en lien par le massage ! atelier de massage b\u00e9b\u00e9 - massage intuitif\",\"breadcrumb\":{\"@id\":\"https:\/\/lesmassagesdejeanne.com\/index.php\/les-ateliers\/#breadcrumb\"},\"inLanguage\":\"fr-FR\",\"potentialAction\":[{\"@type\":\"ReadAction\",\"target\":[\"https:\/\/lesmassagesdejeanne.com\/index.php\/les-ateliers\/\"]}]},{\"@type\":\"ImageObject\",\"inLanguage\":\"fr-FR\",\"@id\":\"https:\/\/lesmassagesdejeanne.com\/index.php\/les-ateliers\/#primaryimage\",\"url\":\"https:\/\/lesmassagesdejeanne.com\/wp-content\/uploads\/2025\/03\/Les-massages-de-Jeanne-1080-x-1350-px-28.png\",\"contentUrl\":\"https:\/\/lesmassagesdejeanne.com\/wp-content\/uploads\/2025\/03\/Les-massages-de-Jeanne-1080-x-1350-px-28.png\",\"width\":1080,\"height\":1350,\"caption\":\"initiation massage dunkerque\"},{\"@type\":\"BreadcrumbList\",\"@id\":\"https:\/\/lesmassagesdejeanne.com\/index.php\/les-ateliers\/#breadcrumb\",\"itemListElement\":[{\"@type\":\"ListItem\",\"position\":1,\"name\":\"Accueil\",\"item\":\"https:\/\/lesmassagesdejeanne.com\/\"},{\"@type\":\"ListItem\",\"position\":2,\"name\":\"Les ateliers\"}]},{\"@type\":\"WebSite\",\"@id\":\"https:\/\/lesmassagesdejeanne.com\/#website\",\"url\":\"https:\/\/lesmassagesdejeanne.com\/\",\"name\":\"Les massages de Jeanne\",\"description\":\"Se reconnecter \u00e0 soi par le massage\",\"publisher\":{\"@id\":\"https:\/\/lesmassagesdejeanne.com\/#organization\"},\"potentialAction\":[{\"@type\":\"SearchAction\",\"target\":{\"@type\":\"EntryPoint\",\"urlTemplate\":\"https:\/\/lesmassagesdejeanne.com\/?s={search_term_string}\"},\"query-input\":{\"@type\":\"PropertyValueSpecification\",\"valueRequired\":true,\"valueName\":\"search_term_string\"}}],\"inLanguage\":\"fr-FR\"},{\"@type\":\"Organization\",\"@id\":\"https:\/\/lesmassagesdejeanne.com\/#organization\",\"name\":\"Les massages de Jeanne\",\"url\":\"https:\/\/lesmassagesdejeanne.com\/\",\"logo\":{\"@type\":\"ImageObject\",\"inLanguage\":\"fr-FR\",\"@id\":\"https:\/\/lesmassagesdejeanne.com\/#\/schema\/logo\/image\/\",\"url\":\"https:\/\/lesmassagesdejeanne.com\/wp-content\/uploads\/2021\/01\/Logo-noir-Jeanne2.png\",\"contentUrl\":\"https:\/\/lesmassagesdejeanne.com\/wp-content\/uploads\/2021\/01\/Logo-noir-Jeanne2.png\",\"width\":1048,\"height\":1209,\"caption\":\"Les massages de Jeanne\"},\"image\":{\"@id\":\"https:\/\/lesmassagesdejeanne.com\/#\/schema\/logo\/image\/\"},\"sameAs\":[\"https:\/\/www.facebook.com\/Les-massages-de-Jeanne-102220664920064\",\"https:\/\/www.instagram.com\/jeanne_masseuse_intuitive_dk\/\"]}]}<\/script>\n<!-- \/ Yoast SEO plugin. -->","yoast_head_json":{"title":"Les ateliers | Les massages de Jeanne","description":"D\u00e9couvrez mes ateliers o\u00f9 j'aime vous transmettre la beaut\u00e9 de se mettre en lien par le massage ! atelier de massage b\u00e9b\u00e9 - massage intuitif","robots":{"index":"index","follow":"follow","max-snippet":"max-snippet:-1","max-image-preview":"max-image-preview:large","max-video-preview":"max-video-preview:-1"},"canonical":"https:\/\/lesmassagesdejeanne.com\/index.php\/les-ateliers\/","og_locale":"fr_FR","og_type":"article","og_title":"Les ateliers | Les massages de Jeanne","og_description":"D\u00e9couvrez mes ateliers o\u00f9 j'aime vous transmettre la beaut\u00e9 de se mettre en lien par le massage ! atelier de massage b\u00e9b\u00e9 - massage intuitif","og_url":"https:\/\/lesmassagesdejeanne.com\/index.php\/les-ateliers\/","og_site_name":"Les massages de Jeanne","article_publisher":"https:\/\/www.facebook.com\/Les-massages-de-Jeanne-102220664920064","article_modified_time":"2025-09-29T18:27:25+00:00","og_image":[{"width":1080,"height":1350,"url":"https:\/\/lesmassagesdejeanne.com\/wp-content\/uploads\/2025\/03\/Les-massages-de-Jeanne-1080-x-1350-px-28.png","type":"image\/png"}],"twitter_card":"summary_large_image","twitter_misc":{"Dur\u00e9e de lecture estim\u00e9e":"2 minutes"},"schema":{"@context":"https:\/\/schema.org","@graph":[{"@type":"WebPage","@id":"https:\/\/lesmassagesdejeanne.com\/index.php\/les-ateliers\/","url":"https:\/\/lesmassagesdejeanne.com\/index.php\/les-ateliers\/","name":"Les ateliers | Les massages de Jeanne","isPartOf":{"@id":"https:\/\/lesmassagesdejeanne.com\/#website"},"primaryImageOfPage":{"@id":"https:\/\/lesmassagesdejeanne.com\/index.php\/les-ateliers\/#primaryimage"},"image":{"@id":"https:\/\/lesmassagesdejeanne.com\/index.php\/les-ateliers\/#primaryimage"},"thumbnailUrl":"https:\/\/lesmassagesdejeanne.com\/wp-content\/uploads\/2025\/03\/Les-massages-de-Jeanne-1080-x-1350-px-28.png","datePublished":"2023-07-13T12:48:38+00:00","dateModified":"2025-09-29T18:27:25+00:00","description":"D\u00e9couvrez mes ateliers o\u00f9 j'aime vous transmettre la beaut\u00e9 de se mettre en lien par le massage ! atelier de massage b\u00e9b\u00e9 - massage intuitif","breadcrumb":{"@id":"https:\/\/lesmassagesdejeanne.com\/index.php\/les-ateliers\/#breadcrumb"},"inLanguage":"fr-FR","potentialAction":[{"@type":"ReadAction","target":["https:\/\/lesmassagesdejeanne.com\/index.php\/les-ateliers\/"]}]},{"@type":"ImageObject","inLanguage":"fr-FR","@id":"https:\/\/lesmassagesdejeanne.com\/index.php\/les-ateliers\/#primaryimage","url":"https:\/\/lesmassagesdejeanne.com\/wp-content\/uploads\/2025\/03\/Les-massages-de-Jeanne-1080-x-1350-px-28.png","contentUrl":"https:\/\/lesmassagesdejeanne.com\/wp-content\/uploads\/2025\/03\/Les-massages-de-Jeanne-1080-x-1350-px-28.png","width":1080,"height":1350,"caption":"initiation massage dunkerque"},{"@type":"BreadcrumbList","@id":"https:\/\/lesmassagesdejeanne.com\/index.php\/les-ateliers\/#breadcrumb","itemListElement":[{"@type":"ListItem","position":1,"name":"Accueil","item":"https:\/\/lesmassagesdejeanne.com\/"},{"@type":"ListItem","position":2,"name":"Les ateliers"}]},{"@type":"WebSite","@id":"https:\/\/lesmassagesdejeanne.com\/#website","url":"https:\/\/lesmassagesdejeanne.com\/","name":"Les massages de Jeanne","description":"Se reconnecter \u00e0 soi par le massage","publisher":{"@id":"https:\/\/lesmassagesdejeanne.com\/#organization"},"potentialAction":[{"@type":"SearchAction","target":{"@type":"EntryPoint","urlTemplate":"https:\/\/lesmassagesdejeanne.com\/?s={search_term_string}"},"query-input":{"@type":"PropertyValueSpecification","valueRequired":true,"valueName":"search_term_string"}}],"inLanguage":"fr-FR"},{"@type":"Organization","@id":"https:\/\/lesmassagesdejeanne.com\/#organization","name":"Les massages de Jeanne","url":"https:\/\/lesmassagesdejeanne.com\/","logo":{"@type":"ImageObject","inLanguage":"fr-FR","@id":"https:\/\/lesmassagesdejeanne.com\/#\/schema\/logo\/image\/","url":"https:\/\/lesmassagesdejeanne.com\/wp-content\/uploads\/2021\/01\/Logo-noir-Jeanne2.png","contentUrl":"https:\/\/lesmassagesdejeanne.com\/wp-content\/uploads\/2021\/01\/Logo-noir-Jeanne2.png","width":1048,"height":1209,"caption":"Les massages de Jeanne"},"image":{"@id":"https:\/\/lesmassagesdejeanne.com\/#\/schema\/logo\/image\/"},"sameAs":["https:\/\/www.facebook.com\/Les-massages-de-Jeanne-102220664920064","https:\/\/www.instagram.com\/jeanne_masseuse_intuitive_dk\/"]}]}},"_links":{"self":[{"href":"https:\/\/lesmassagesdejeanne.com\/index.php\/wp-json\/wp\/v2\/pages\/5755","targetHints":{"allow":["GET"]}}],"collection":[{"href":"https:\/\/lesmassagesdejeanne.com\/index.php\/wp-json\/wp\/v2\/pages"}],"about":[{"href":"https:\/\/lesmassagesdejeanne.com\/index.php\/wp-json\/wp\/v2\/types\/page"}],"author":[{"embeddable":true,"href":"https:\/\/lesmassagesdejeanne.com\/index.php\/wp-json\/wp\/v2\/users\/1"}],"replies":[{"embeddable":true,"href":"https:\/\/lesmassagesdejeanne.com\/index.php\/wp-json\/wp\/v2\/comments?post=5755"}],"version-history":[{"count":11,"href":"https:\/\/lesmassagesdejeanne.com\/index.php\/wp-json\/wp\/v2\/pages\/5755\/revisions"}],"predecessor-version":[{"id":6885,"href":"https:\/\/lesmassagesdejeanne.com\/index.php\/wp-json\/wp\/v2\/pages\/5755\/revisions\/6885"}],"wp:featuredmedia":[{"embeddable":true,"href":"https:\/\/lesmassagesdejeanne.com\/index.php\/wp-json\/wp\/v2\/media\/6196"}],"wp:attachment":[{"href":"https:\/\/lesmassagesdejeanne.com\/index.php\/wp-json\/wp\/v2\/media?parent=5755"}],"curies":[{"name":"wp","href":"https:\/\/api.w.org\/{rel}","templated":true}]}}