{"id":2694,"date":"2022-02-08T17:01:44","date_gmt":"2022-02-08T16:01:44","guid":{"rendered":"https:\/\/lesmassagesdejeanne.com\/?page_id=2694"},"modified":"2026-01-05T11:12:11","modified_gmt":"2026-01-05T10:12:11","slug":"massage-ancrage-profond","status":"publish","type":"page","link":"https:\/\/lesmassagesdejeanne.com\/index.php\/massage-ancrage-profond\/","title":{"rendered":"Massage Ancrage profond"},"content":{"rendered":"<p>[et_pb_section fb_built=\u00a0\u00bb1&Prime; admin_label=\u00a0\u00bbHeader\u00a0\u00bb _builder_version=\u00a0\u00bb4.27.4&Prime; background_color=\u00a0\u00bb#a7c7e5&Prime; background_color_gradient_direction=\u00a0\u00bb149deg\u00a0\u00bb background_image=\u00a0\u00bbhttps:\/\/lesmassagesdejeanne.com\/wp-content\/uploads\/2025\/09\/Yellow-Modern-Square-Magazine-Logo-_Banniere-moyenne-_US_-_Paysage__-1-scaled.webp\u00a0\u00bb parallax=\u00a0\u00bbon\u00a0\u00bb z_index=\u00a0\u00bb1&Prime; custom_padding=\u00a0\u00bb0vw||0vw||false|false\u00a0\u00bb box_shadow_style=\u00a0\u00bbpreset7&Prime; box_shadow_horizontal=\u00a0\u00bb0px\u00a0\u00bb box_shadow_vertical=\u00a0\u00bb-6vw\u00a0\u00bb box_shadow_color=\u00a0\u00bb#ffffff\u00a0\u00bb locked=\u00a0\u00bboff\u00a0\u00bb global_colors_info=\u00a0\u00bb{}\u00a0\u00bb][et_pb_row use_custom_gutter=\u00a0\u00bbon\u00a0\u00bb _builder_version=\u00a0\u00bb4.16&Prime; background_enable_color=\u00a0\u00bboff\u00a0\u00bb z_index=\u00a0\u00bb10&Prime; width=\u00a0\u00bb78.8%\u00a0\u00bb width_tablet=\u00a0\u00bb\u00a0\u00bb width_phone=\u00a0\u00bb\u00a0\u00bb width_last_edited=\u00a0\u00bbon|phone\u00a0\u00bb max_width=\u00a0\u00bb600px\u00a0\u00bb locked=\u00a0\u00bboff\u00a0\u00bb global_colors_info=\u00a0\u00bb{}\u00a0\u00bb width__hover_enabled=\u00a0\u00bboff|desktop\u00a0\u00bb][et_pb_column type=\u00a0\u00bb4_4&Prime; _builder_version=\u00a0\u00bb4.16&Prime; global_colors_info=\u00a0\u00bb{}\u00a0\u00bb][et_pb_image src=\u00a0\u00bbhttps:\/\/lesmassagesdejeanne.com\/wp-content\/uploads\/2021\/02\/Logo-blanc-Jeanne2.png\u00a0\u00bb alt=\u00a0\u00bbmassage pr\u00e9natal dunkerque femme enceinte\u00a0\u00bb title_text=\u00a0\u00bbLogo blanc Jeanne2&Prime; align=\u00a0\u00bbcenter\u00a0\u00bb _builder_version=\u00a0\u00bb4.16&Prime; width=\u00a0\u00bb36%\u00a0\u00bb width_tablet=\u00a0\u00bb70px\u00a0\u00bb width_phone=\u00a0\u00bb50px\u00a0\u00bb width_last_edited=\u00a0\u00bboff|desktop\u00a0\u00bb custom_padding=\u00a0\u00bb|0px|0px|||\u00a0\u00bb filter_saturate=\u00a0\u00bb0%\u00a0\u00bb filter_brightness=\u00a0\u00bb200%\u00a0\u00bb filter_invert=\u00a0\u00bb72%\u00a0\u00bb locked=\u00a0\u00bboff\u00a0\u00bb global_colors_info=\u00a0\u00bb{}\u00a0\u00bb width__hover_enabled=\u00a0\u00bboff|desktop\u00a0\u00bb][\/et_pb_image][et_pb_text content_tablet=\u00a0\u00bb<\/p>\n<p>Les massages de Jeanne<\/p>\n<p>\u00a0\u00bb content_phone=\u00a0\u00bb<\/p>\n<p>Les massages de Jeanne<\/p>\n<p>\u00a0\u00bb content_last_edited=\u00a0\u00bbon|phone\u00a0\u00bb _builder_version=\u00a0\u00bb4.16&Prime; text_font=\u00a0\u00bbSacramento||||||||\u00a0\u00bb text_text_color=\u00a0\u00bbrgba(84,84,84,0.99)\u00a0\u00bb text_font_size=\u00a0\u00bb72px\u00a0\u00bb text_line_height=\u00a0\u00bb1.4em\u00a0\u00bb header_text_color=\u00a0\u00bb#545454&Prime; header_font_size=\u00a0\u00bb74px\u00a0\u00bb text_orientation=\u00a0\u00bbcenter\u00a0\u00bb max_width_tablet=\u00a0\u00bb400px\u00a0\u00bb max_width_phone=\u00a0\u00bb\u00a0\u00bb max_width_last_edited=\u00a0\u00bbon|tablet\u00a0\u00bb module_alignment=\u00a0\u00bbcenter\u00a0\u00bb min_height=\u00a0\u00bb54px\u00a0\u00bb custom_margin=\u00a0\u00bb||30px||false|false\u00a0\u00bb custom_padding=\u00a0\u00bb||0px|||\u00a0\u00bb text_font_size_tablet=\u00a0\u00bb49px\u00a0\u00bb text_font_size_phone=\u00a0\u00bb37px\u00a0\u00bb text_font_size_last_edited=\u00a0\u00bbon|desktop\u00a0\u00bb text_line_height_tablet=\u00a0\u00bb\u00a0\u00bb text_line_height_phone=\u00a0\u00bb\u00a0\u00bb text_line_height_last_edited=\u00a0\u00bbon|desktop\u00a0\u00bb header_font_size_tablet=\u00a0\u00bb\u00a0\u00bb header_font_size_phone=\u00a0\u00bb39px\u00a0\u00bb header_font_size_last_edited=\u00a0\u00bbon|phone\u00a0\u00bb global_colors_info=\u00a0\u00bb{}\u00a0\u00bb]<\/p>\n<p>Les massages de Jeanne<\/p>\n<p>[\/et_pb_text][et_pb_text _builder_version=\u00a0\u00bb4.27.4&Prime; text_font=\u00a0\u00bb||||||||\u00a0\u00bb text_text_color=\u00a0\u00bb#545454&Prime; text_font_size=\u00a0\u00bb20px\u00a0\u00bb text_line_height=\u00a0\u00bb1.4em\u00a0\u00bb header_text_color=\u00a0\u00bbrgba(84,84,84,0.99)\u00a0\u00bb header_font_size=\u00a0\u00bb19px\u00a0\u00bb text_orientation=\u00a0\u00bbcenter\u00a0\u00bb max_width_tablet=\u00a0\u00bb400px\u00a0\u00bb max_width_phone=\u00a0\u00bb\u00a0\u00bb max_width_last_edited=\u00a0\u00bbon|tablet\u00a0\u00bb module_alignment=\u00a0\u00bbcenter\u00a0\u00bb min_height=\u00a0\u00bb25px\u00a0\u00bb custom_margin=\u00a0\u00bb||30px||false|false\u00a0\u00bb hover_enabled=\u00a0\u00bb0&Prime; text_font_size_tablet=\u00a0\u00bb16px\u00a0\u00bb text_font_size_phone=\u00a0\u00bb14px\u00a0\u00bb text_font_size_last_edited=\u00a0\u00bbon|desktop\u00a0\u00bb text_line_height_tablet=\u00a0\u00bb\u00a0\u00bb text_line_height_phone=\u00a0\u00bb\u00a0\u00bb text_line_height_last_edited=\u00a0\u00bbon|phone\u00a0\u00bb global_colors_info=\u00a0\u00bb{}\u00a0\u00bb sticky_enabled=\u00a0\u00bb0&Prime;]<\/p>\n<h1><strong>Massage Ancrage profond\u00a0<\/strong><\/h1>\n<p>[\/et_pb_text][\/et_pb_column][\/et_pb_row][\/et_pb_section][et_pb_section fb_built=\u00a0\u00bb1&Prime; _builder_version=\u00a0\u00bb4.16&Prime; _module_preset=\u00a0\u00bbdefault\u00a0\u00bb global_colors_info=\u00a0\u00bb{}\u00a0\u00bb][et_pb_row column_structure=\u00a0\u00bb1_2,1_2&Prime; _builder_version=\u00a0\u00bb4.16&Prime; custom_margin=\u00a0\u00bb13px|auto|-35px|auto||\u00a0\u00bb custom_padding=\u00a0\u00bb31px||31px||true|\u00a0\u00bb border_radii=\u00a0\u00bbon|2px|2px|2px|2px\u00a0\u00bb border_style_all=\u00a0\u00bbnone\u00a0\u00bb border_width_bottom=\u00a0\u00bb0px\u00a0\u00bb global_colors_info=\u00a0\u00bb{}\u00a0\u00bb][et_pb_column type=\u00a0\u00bb1_2&Prime; _builder_version=\u00a0\u00bb4.16&Prime; custom_padding=\u00a0\u00bb30px|30px|30px|30px|true|true\u00a0\u00bb border_color_all=\u00a0\u00bbRGBA(0,0,0,0)\u00a0\u00bb border_style_all=\u00a0\u00bbnone\u00a0\u00bb box_shadow_style=\u00a0\u00bbpreset3&Prime; global_colors_info=\u00a0\u00bb{}\u00a0\u00bb][et_pb_text _builder_version=\u00a0\u00bb4.27.4&Prime; text_font=\u00a0\u00bbMuli||||||||\u00a0\u00bb text_font_size=\u00a0\u00bb16px\u00a0\u00bb text_line_height=\u00a0\u00bb1.8em\u00a0\u00bb header_3_font=\u00a0\u00bbJosefin Sans||||||||\u00a0\u00bb header_3_line_height=\u00a0\u00bb1.4em\u00a0\u00bb custom_padding=\u00a0\u00bb||0px|||\u00a0\u00bb hover_enabled=\u00a0\u00bb0&Prime; text_font_size_tablet=\u00a0\u00bb\u00a0\u00bb text_font_size_phone=\u00a0\u00bb14px\u00a0\u00bb text_font_size_last_edited=\u00a0\u00bbon|phone\u00a0\u00bb header_3_font_size_tablet=\u00a0\u00bb20px\u00a0\u00bb header_3_font_size_phone=\u00a0\u00bb18px\u00a0\u00bb header_3_font_size_last_edited=\u00a0\u00bbon|phone\u00a0\u00bb header_3_line_height_tablet=\u00a0\u00bb\u00a0\u00bb header_3_line_height_phone=\u00a0\u00bb1.8em\u00a0\u00bb header_3_line_height_last_edited=\u00a0\u00bbon|phone\u00a0\u00bb locked=\u00a0\u00bboff\u00a0\u00bb global_colors_info=\u00a0\u00bb{}\u00a0\u00bb sticky_enabled=\u00a0\u00bb0&Prime;]<\/p>\n<h3><span style=\"font-size: 22px;\">Mais qu&rsquo;est-ce que le Massage Ancrage profond ?<\/span><\/h3>\n<p><strong>Dur\u00e9e et tarif du massage<\/strong> : S\u00e9ance de 1h30 dont 60 minutes de massage &#8211; 80 \u20ac<\/p>\n<p>Possibilit\u00e9 de <span style=\"color: #993366;\"><strong>Forfait 6 s\u00e9ances \u00e0 prix avantageux &#8211; 420\u20ac au lieu de 480\u20ac.<\/strong><\/span><\/p>\n<p><span style=\"font-size: 16px;\"><strong>Carte cadeau<\/strong> possible : me contacter<\/span><span style=\"font-size: 16px;\"><\/span><\/p>\n<ul>\n<li><strong style=\"font-size: 16px;\">Pratique de massage<\/strong><span style=\"font-size: 16px;\">\u00a0r\u00e9alis\u00e9e sur un\u00a0<\/span><strong style=\"font-size: 16px;\">futon<\/strong><span style=\"font-size: 16px;\"> au sol, dans vos v\u00eatements, confortables et douillets.<\/span><\/li>\n<li>Invitation au\u00a0<strong>l\u00e2cher-prise physique, mental et \u00e9motionnel, \u00e0 un ancrage <\/strong>plus serein avec son corps.<\/li>\n<li><strong>M\u00e9lange de techniques de massage au sol<\/strong> utilis\u00e9e intuitivement selon mes ressentis et les besoins de la personne recueillis lors du temps d&rsquo;\u00e9change avant le massage.<\/li>\n<li>Les techniques : <strong>Relaxation Cor\u00e9enne<\/strong> (utilisation de la vibration essentiellement, secousses, ballottements), massage <strong>Reichien<\/strong> et de <strong>massage Russe<\/strong> (pressions, \u00e9tirements, utilisation du poids de corps)<\/li>\n<li>Son protocole se d\u00e9roule<span>\u00a0<\/span><strong>en douceur<\/strong><span>\u00a0<\/span>pour instaurer une<span>\u00a0<\/span><strong>relation<\/strong><span>\u00a0<\/span>de<span>\u00a0<\/span><strong>confiance<\/strong><span>\u00a0<\/span>et de<span>\u00a0<\/span><strong>s\u00e9curit\u00e9<\/strong><span>\u00a0<\/span>entre vous et moi.<\/li>\n<\/ul>\n<p>[\/et_pb_text][et_pb_button button_url=\u00a0\u00bbhttps:\/\/lesmassagesdejeanne.com\/index.php\/contactez-moi\/\u00a0\u00bb url_new_window=\u00a0\u00bbon\u00a0\u00bb button_text=\u00a0\u00bbPrendre rendez-vous\u00a0\u00bb button_alignment=\u00a0\u00bbcenter\u00a0\u00bb _builder_version=\u00a0\u00bb4.16&Prime; custom_button=\u00a0\u00bbon\u00a0\u00bb button_text_size=\u00a0\u00bb22px\u00a0\u00bb button_bg_color=\u00a0\u00bb#b1c9ed\u00a0\u00bb button_border_width=\u00a0\u00bb0px\u00a0\u00bb button_border_radius=\u00a0\u00bb50px\u00a0\u00bb button_font=\u00a0\u00bbJosefin Sans|600|||||||\u00a0\u00bb background_layout=\u00a0\u00bbdark\u00a0\u00bb custom_padding=\u00a0\u00bb15px|40px|15px|40px|true|true\u00a0\u00bb button_text_size_tablet=\u00a0\u00bb18px\u00a0\u00bb button_text_size_phone=\u00a0\u00bb14px\u00a0\u00bb button_text_size_last_edited=\u00a0\u00bbon|phone\u00a0\u00bb locked=\u00a0\u00bboff\u00a0\u00bb global_colors_info=\u00a0\u00bb{}\u00a0\u00bb][\/et_pb_button][\/et_pb_column][et_pb_column type=\u00a0\u00bb1_2&Prime; _builder_version=\u00a0\u00bb4.16&Prime; custom_padding=\u00a0\u00bb30px|30px|30px|30px|true|true\u00a0\u00bb border_color_all=\u00a0\u00bbRGBA(0,0,0,0)\u00a0\u00bb border_style_all=\u00a0\u00bbnone\u00a0\u00bb global_colors_info=\u00a0\u00bb{}\u00a0\u00bb][et_pb_image src=\u00a0\u00bbhttps:\/\/lesmassagesdejeanne.com\/wp-content\/uploads\/2025\/03\/DSC_0852-3-1.jpg\u00a0\u00bb alt=\u00a0\u00bbmassage relaxation cor\u00e9enne\u00a0\u00bb title_text=\u00a0\u00bbmassage relaxation cor\u00e9enne\u00a0\u00bb _builder_version=\u00a0\u00bb4.27.4&Prime; _module_preset=\u00a0\u00bbdefault\u00a0\u00bb global_colors_info=\u00a0\u00bb{}\u00a0\u00bb][\/et_pb_image][et_pb_button button_url=\u00a0\u00bbhttps:\/\/lesmassagesdejeanne.com\/index.php\/mes-prestations\/\u00a0\u00bb url_new_window=\u00a0\u00bbon\u00a0\u00bb button_text=\u00a0\u00bbVoir toutes mes prestations massage\u00a0\u00bb button_alignment=\u00a0\u00bbcenter\u00a0\u00bb _builder_version=\u00a0\u00bb4.27.4&Prime; custom_button=\u00a0\u00bbon\u00a0\u00bb button_text_size=\u00a0\u00bb21px\u00a0\u00bb button_text_color=\u00a0\u00bbrgba(0,0,0,0.74)\u00a0\u00bb button_bg_color=\u00a0\u00bb#ffdb75&Prime; button_border_width=\u00a0\u00bb0px\u00a0\u00bb button_border_radius=\u00a0\u00bb50px\u00a0\u00bb button_font=\u00a0\u00bbJosefin Sans|600|||||||\u00a0\u00bb background_layout=\u00a0\u00bbdark\u00a0\u00bb custom_padding=\u00a0\u00bb15px|40px|15px|40px|true|true\u00a0\u00bb button_text_size_tablet=\u00a0\u00bb18px\u00a0\u00bb button_text_size_phone=\u00a0\u00bb14px\u00a0\u00bb button_text_size_last_edited=\u00a0\u00bbon|phone\u00a0\u00bb locked=\u00a0\u00bboff\u00a0\u00bb global_colors_info=\u00a0\u00bb{}\u00a0\u00bb][\/et_pb_button][\/et_pb_column][\/et_pb_row][\/et_pb_section]<\/p>\n","protected":false},"excerpt":{"rendered":"<p>Relaxation Cor\u00e9enne Dunkerque<\/p>\n","protected":false},"author":1,"featured_media":0,"parent":0,"menu_order":0,"comment_status":"closed","ping_status":"closed","template":"","meta":{"_et_pb_use_builder":"on","_et_pb_old_content":"","_et_gb_content_width":"","footnotes":""},"class_list":["post-2694","page","type-page","status-publish","hentry"],"yoast_head":"<!-- This site is optimized with the Yoast SEO plugin v25.6 - https:\/\/yoast.com\/wordpress\/plugins\/seo\/ -->\n<title>Massage Ancrage profond | Les massages de Jeanne<\/title>\n<meta name=\"description\" content=\"Pratique de massage r\u00e9alis\u00e9e sur un futon au sol, dans vos v\u00eatements, confortables et douillets. L\u00e2cher-prise physique, mental et \u00e9motionnel.\" \/>\n<meta name=\"robots\" content=\"index, follow, max-snippet:-1, max-image-preview:large, max-video-preview:-1\" \/>\n<link rel=\"canonical\" href=\"https:\/\/lesmassagesdejeanne.com\/index.php\/massage-ancrage-profond\/\" \/>\n<meta property=\"og:locale\" content=\"fr_FR\" \/>\n<meta property=\"og:type\" content=\"article\" \/>\n<meta property=\"og:title\" content=\"Massage Ancrage profond | Les massages de Jeanne\" \/>\n<meta property=\"og:description\" content=\"Pratique de massage r\u00e9alis\u00e9e sur un futon au sol, dans vos v\u00eatements, confortables et douillets. L\u00e2cher-prise physique, mental et \u00e9motionnel.\" \/>\n<meta property=\"og:url\" content=\"https:\/\/lesmassagesdejeanne.com\/index.php\/massage-ancrage-profond\/\" \/>\n<meta property=\"og:site_name\" content=\"Les massages de Jeanne\" \/>\n<meta property=\"article:publisher\" content=\"https:\/\/www.facebook.com\/Les-massages-de-Jeanne-102220664920064\" \/>\n<meta property=\"article:modified_time\" content=\"2026-01-05T10:12:11+00:00\" \/>\n<meta property=\"og:image\" content=\"https:\/\/lesmassagesdejeanne.com\/wp-content\/uploads\/2021\/06\/temoignages.png\" \/>\n\t<meta property=\"og:image:width\" content=\"1080\" \/>\n\t<meta property=\"og:image:height\" content=\"1080\" \/>\n\t<meta property=\"og:image:type\" content=\"image\/png\" \/>\n<meta name=\"twitter:card\" content=\"summary_large_image\" \/>\n<meta name=\"twitter:label1\" content=\"Dur\u00e9e de lecture estim\u00e9e\" \/>\n\t<meta name=\"twitter:data1\" content=\"3 minutes\" \/>\n<script type=\"application\/ld+json\" class=\"yoast-schema-graph\">{\"@context\":\"https:\/\/schema.org\",\"@graph\":[{\"@type\":\"WebPage\",\"@id\":\"https:\/\/lesmassagesdejeanne.com\/index.php\/massage-ancrage-profond\/\",\"url\":\"https:\/\/lesmassagesdejeanne.com\/index.php\/massage-ancrage-profond\/\",\"name\":\"Massage Ancrage profond | Les massages de Jeanne\",\"isPartOf\":{\"@id\":\"https:\/\/lesmassagesdejeanne.com\/#website\"},\"datePublished\":\"2022-02-08T16:01:44+00:00\",\"dateModified\":\"2026-01-05T10:12:11+00:00\",\"description\":\"Pratique de massage r\u00e9alis\u00e9e sur un futon au sol, dans vos v\u00eatements, confortables et douillets. L\u00e2cher-prise physique, mental et \u00e9motionnel.\",\"breadcrumb\":{\"@id\":\"https:\/\/lesmassagesdejeanne.com\/index.php\/massage-ancrage-profond\/#breadcrumb\"},\"inLanguage\":\"fr-FR\",\"potentialAction\":[{\"@type\":\"ReadAction\",\"target\":[\"https:\/\/lesmassagesdejeanne.com\/index.php\/massage-ancrage-profond\/\"]}]},{\"@type\":\"BreadcrumbList\",\"@id\":\"https:\/\/lesmassagesdejeanne.com\/index.php\/massage-ancrage-profond\/#breadcrumb\",\"itemListElement\":[{\"@type\":\"ListItem\",\"position\":1,\"name\":\"Accueil\",\"item\":\"https:\/\/lesmassagesdejeanne.com\/\"},{\"@type\":\"ListItem\",\"position\":2,\"name\":\"Massage Ancrage profond\"}]},{\"@type\":\"WebSite\",\"@id\":\"https:\/\/lesmassagesdejeanne.com\/#website\",\"url\":\"https:\/\/lesmassagesdejeanne.com\/\",\"name\":\"Les massages de Jeanne\",\"description\":\"Se reconnecter \u00e0 soi par le massage\",\"publisher\":{\"@id\":\"https:\/\/lesmassagesdejeanne.com\/#organization\"},\"potentialAction\":[{\"@type\":\"SearchAction\",\"target\":{\"@type\":\"EntryPoint\",\"urlTemplate\":\"https:\/\/lesmassagesdejeanne.com\/?s={search_term_string}\"},\"query-input\":{\"@type\":\"PropertyValueSpecification\",\"valueRequired\":true,\"valueName\":\"search_term_string\"}}],\"inLanguage\":\"fr-FR\"},{\"@type\":\"Organization\",\"@id\":\"https:\/\/lesmassagesdejeanne.com\/#organization\",\"name\":\"Les massages de Jeanne\",\"url\":\"https:\/\/lesmassagesdejeanne.com\/\",\"logo\":{\"@type\":\"ImageObject\",\"inLanguage\":\"fr-FR\",\"@id\":\"https:\/\/lesmassagesdejeanne.com\/#\/schema\/logo\/image\/\",\"url\":\"https:\/\/lesmassagesdejeanne.com\/wp-content\/uploads\/2021\/01\/Logo-noir-Jeanne2.png\",\"contentUrl\":\"https:\/\/lesmassagesdejeanne.com\/wp-content\/uploads\/2021\/01\/Logo-noir-Jeanne2.png\",\"width\":1048,\"height\":1209,\"caption\":\"Les massages de Jeanne\"},\"image\":{\"@id\":\"https:\/\/lesmassagesdejeanne.com\/#\/schema\/logo\/image\/\"},\"sameAs\":[\"https:\/\/www.facebook.com\/Les-massages-de-Jeanne-102220664920064\",\"https:\/\/www.instagram.com\/jeanne_masseuse_intuitive_dk\/\"]}]}<\/script>\n<!-- \/ Yoast SEO plugin. -->","yoast_head_json":{"title":"Massage Ancrage profond | Les massages de Jeanne","description":"Pratique de massage r\u00e9alis\u00e9e sur un futon au sol, dans vos v\u00eatements, confortables et douillets. L\u00e2cher-prise physique, mental et \u00e9motionnel.","robots":{"index":"index","follow":"follow","max-snippet":"max-snippet:-1","max-image-preview":"max-image-preview:large","max-video-preview":"max-video-preview:-1"},"canonical":"https:\/\/lesmassagesdejeanne.com\/index.php\/massage-ancrage-profond\/","og_locale":"fr_FR","og_type":"article","og_title":"Massage Ancrage profond | Les massages de Jeanne","og_description":"Pratique de massage r\u00e9alis\u00e9e sur un futon au sol, dans vos v\u00eatements, confortables et douillets. L\u00e2cher-prise physique, mental et \u00e9motionnel.","og_url":"https:\/\/lesmassagesdejeanne.com\/index.php\/massage-ancrage-profond\/","og_site_name":"Les massages de Jeanne","article_publisher":"https:\/\/www.facebook.com\/Les-massages-de-Jeanne-102220664920064","article_modified_time":"2026-01-05T10:12:11+00:00","og_image":[{"width":1080,"height":1080,"url":"https:\/\/lesmassagesdejeanne.com\/wp-content\/uploads\/2021\/06\/temoignages.png","type":"image\/png"}],"twitter_card":"summary_large_image","twitter_misc":{"Dur\u00e9e de lecture estim\u00e9e":"3 minutes"},"schema":{"@context":"https:\/\/schema.org","@graph":[{"@type":"WebPage","@id":"https:\/\/lesmassagesdejeanne.com\/index.php\/massage-ancrage-profond\/","url":"https:\/\/lesmassagesdejeanne.com\/index.php\/massage-ancrage-profond\/","name":"Massage Ancrage profond | Les massages de Jeanne","isPartOf":{"@id":"https:\/\/lesmassagesdejeanne.com\/#website"},"datePublished":"2022-02-08T16:01:44+00:00","dateModified":"2026-01-05T10:12:11+00:00","description":"Pratique de massage r\u00e9alis\u00e9e sur un futon au sol, dans vos v\u00eatements, confortables et douillets. L\u00e2cher-prise physique, mental et \u00e9motionnel.","breadcrumb":{"@id":"https:\/\/lesmassagesdejeanne.com\/index.php\/massage-ancrage-profond\/#breadcrumb"},"inLanguage":"fr-FR","potentialAction":[{"@type":"ReadAction","target":["https:\/\/lesmassagesdejeanne.com\/index.php\/massage-ancrage-profond\/"]}]},{"@type":"BreadcrumbList","@id":"https:\/\/lesmassagesdejeanne.com\/index.php\/massage-ancrage-profond\/#breadcrumb","itemListElement":[{"@type":"ListItem","position":1,"name":"Accueil","item":"https:\/\/lesmassagesdejeanne.com\/"},{"@type":"ListItem","position":2,"name":"Massage Ancrage profond"}]},{"@type":"WebSite","@id":"https:\/\/lesmassagesdejeanne.com\/#website","url":"https:\/\/lesmassagesdejeanne.com\/","name":"Les massages de Jeanne","description":"Se reconnecter \u00e0 soi par le massage","publisher":{"@id":"https:\/\/lesmassagesdejeanne.com\/#organization"},"potentialAction":[{"@type":"SearchAction","target":{"@type":"EntryPoint","urlTemplate":"https:\/\/lesmassagesdejeanne.com\/?s={search_term_string}"},"query-input":{"@type":"PropertyValueSpecification","valueRequired":true,"valueName":"search_term_string"}}],"inLanguage":"fr-FR"},{"@type":"Organization","@id":"https:\/\/lesmassagesdejeanne.com\/#organization","name":"Les massages de Jeanne","url":"https:\/\/lesmassagesdejeanne.com\/","logo":{"@type":"ImageObject","inLanguage":"fr-FR","@id":"https:\/\/lesmassagesdejeanne.com\/#\/schema\/logo\/image\/","url":"https:\/\/lesmassagesdejeanne.com\/wp-content\/uploads\/2021\/01\/Logo-noir-Jeanne2.png","contentUrl":"https:\/\/lesmassagesdejeanne.com\/wp-content\/uploads\/2021\/01\/Logo-noir-Jeanne2.png","width":1048,"height":1209,"caption":"Les massages de Jeanne"},"image":{"@id":"https:\/\/lesmassagesdejeanne.com\/#\/schema\/logo\/image\/"},"sameAs":["https:\/\/www.facebook.com\/Les-massages-de-Jeanne-102220664920064","https:\/\/www.instagram.com\/jeanne_masseuse_intuitive_dk\/"]}]}},"_links":{"self":[{"href":"https:\/\/lesmassagesdejeanne.com\/index.php\/wp-json\/wp\/v2\/pages\/2694","targetHints":{"allow":["GET"]}}],"collection":[{"href":"https:\/\/lesmassagesdejeanne.com\/index.php\/wp-json\/wp\/v2\/pages"}],"about":[{"href":"https:\/\/lesmassagesdejeanne.com\/index.php\/wp-json\/wp\/v2\/types\/page"}],"author":[{"embeddable":true,"href":"https:\/\/lesmassagesdejeanne.com\/index.php\/wp-json\/wp\/v2\/users\/1"}],"replies":[{"embeddable":true,"href":"https:\/\/lesmassagesdejeanne.com\/index.php\/wp-json\/wp\/v2\/comments?post=2694"}],"version-history":[{"count":37,"href":"https:\/\/lesmassagesdejeanne.com\/index.php\/wp-json\/wp\/v2\/pages\/2694\/revisions"}],"predecessor-version":[{"id":6947,"href":"https:\/\/lesmassagesdejeanne.com\/index.php\/wp-json\/wp\/v2\/pages\/2694\/revisions\/6947"}],"wp:attachment":[{"href":"https:\/\/lesmassagesdejeanne.com\/index.php\/wp-json\/wp\/v2\/media?parent=2694"}],"curies":[{"name":"wp","href":"https:\/\/api.w.org\/{rel}","templated":true}]}}