{"id":1850,"date":"2021-07-25T10:22:39","date_gmt":"2021-07-25T08:22:39","guid":{"rendered":"https:\/\/lesmassagesdejeanne.com\/?page_id=1850"},"modified":"2025-09-29T20:38:56","modified_gmt":"2025-09-29T18:38:56","slug":"mon-cadre-massage-dunkerque","status":"publish","type":"page","link":"https:\/\/lesmassagesdejeanne.com\/index.php\/mon-cadre-massage-dunkerque\/","title":{"rendered":"Mon cadre"},"content":{"rendered":"<p>[et_pb_section fb_built=\u00a0\u00bb1&Prime; admin_label=\u00a0\u00bbTestimonials\u00a0\u00bb _builder_version=\u00a0\u00bb4.27.4&Prime; background_enable_color=\u00a0\u00bboff\u00a0\u00bb background_image=\u00a0\u00bbhttps:\/\/lesmassagesdejeanne.com\/wp-content\/uploads\/2025\/09\/Yellow-Modern-Square-Magazine-Logo-_Banniere-moyenne-_US_-_Paysage__-1-scaled.webp\u00a0\u00bb parallax=\u00a0\u00bbon\u00a0\u00bb custom_padding=\u00a0\u00bb10vw||10vw||true|false\u00a0\u00bb global_colors_info=\u00a0\u00bb{}\u00a0\u00bb][et_pb_row _builder_version=\u00a0\u00bb4.27.4&Prime; _module_preset=\u00a0\u00bbdefault\u00a0\u00bb global_colors_info=\u00a0\u00bb{}\u00a0\u00bb][et_pb_column type=\u00a0\u00bb4_4&Prime; _builder_version=\u00a0\u00bb4.27.4&Prime; _module_preset=\u00a0\u00bbdefault\u00a0\u00bb global_colors_info=\u00a0\u00bb{}\u00a0\u00bb][et_pb_image src=\u00a0\u00bbhttps:\/\/lesmassagesdejeanne.com\/wp-content\/uploads\/2021\/01\/Logo-noir-Jeanne2.png\u00a0\u00bb alt=\u00a0\u00bbLes massages de Jeanne Logo par Yolanda Creighton Cr\u00e9ations\u00a0\u00bb title_text=\u00a0\u00bbLogo noir Jeanne2&Prime; align=\u00a0\u00bbcenter\u00a0\u00bb _builder_version=\u00a0\u00bb4.27.4&Prime; _module_preset=\u00a0\u00bbdefault\u00a0\u00bb background_color=\u00a0\u00bbRGBA(255,255,255,0)\u00a0\u00bb width=\u00a0\u00bb21%\u00a0\u00bb module_alignment=\u00a0\u00bbcenter\u00a0\u00bb global_colors_info=\u00a0\u00bb{}\u00a0\u00bb][\/et_pb_image][et_pb_text content_tablet=\u00a0\u00bb\u00a0\u00bb content_phone=\u00a0\u00bb<\/p>\n<p>Les massages de Jeanne<\/p>\n<p>\u00a0\u00bb content_last_edited=\u00a0\u00bbon|phone\u00a0\u00bb _builder_version=\u00a0\u00bb4.27.4&Prime; text_font=\u00a0\u00bbSacramento||||||||\u00a0\u00bb text_text_color=\u00a0\u00bbrgba(81,81,81,0.9)\u00a0\u00bb text_font_size=\u00a0\u00bb72px\u00a0\u00bb text_line_height=\u00a0\u00bb1.4em\u00a0\u00bb header_text_color=\u00a0\u00bb#545454&Prime; header_font_size=\u00a0\u00bb74px\u00a0\u00bb text_orientation=\u00a0\u00bbcenter\u00a0\u00bb max_width_tablet=\u00a0\u00bb400px\u00a0\u00bb max_width_phone=\u00a0\u00bb\u00a0\u00bb max_width_last_edited=\u00a0\u00bbon|tablet\u00a0\u00bb module_alignment=\u00a0\u00bbcenter\u00a0\u00bb custom_margin=\u00a0\u00bb||30px||false|false\u00a0\u00bb custom_padding=\u00a0\u00bb||0px|||\u00a0\u00bb text_font_size_tablet=\u00a0\u00bb16px\u00a0\u00bb text_font_size_phone=\u00a0\u00bb40px\u00a0\u00bb text_font_size_last_edited=\u00a0\u00bbon|phone\u00a0\u00bb text_line_height_tablet=\u00a0\u00bb\u00a0\u00bb text_line_height_phone=\u00a0\u00bb\u00a0\u00bb text_line_height_last_edited=\u00a0\u00bbon|desktop\u00a0\u00bb header_font_size_tablet=\u00a0\u00bb\u00a0\u00bb header_font_size_phone=\u00a0\u00bb39px\u00a0\u00bb header_font_size_last_edited=\u00a0\u00bbon|phone\u00a0\u00bb locked=\u00a0\u00bboff\u00a0\u00bb global_colors_info=\u00a0\u00bb{}\u00a0\u00bb]<\/p>\n<h1><span style=\"color: #000000;\">Les massages de Jeanne<\/span><\/h1>\n<p>[\/et_pb_text][\/et_pb_column][\/et_pb_row][\/et_pb_section][et_pb_section fb_built=\u00a0\u00bb1&Prime; _builder_version=\u00a0\u00bb4.16&Prime; _module_preset=\u00a0\u00bbdefault\u00a0\u00bb global_colors_info=\u00a0\u00bb{}\u00a0\u00bb][et_pb_row _builder_version=\u00a0\u00bb4.16&Prime; global_colors_info=\u00a0\u00bb{}\u00a0\u00bb][et_pb_column type=\u00a0\u00bb4_4&Prime; _builder_version=\u00a0\u00bb4.16&Prime; global_colors_info=\u00a0\u00bb{}\u00a0\u00bb][et_pb_text content_last_edited=\u00a0\u00bboff|desktop\u00a0\u00bb _builder_version=\u00a0\u00bb4.16&Prime; text_font=\u00a0\u00bb||||||||\u00a0\u00bb text_font_size=\u00a0\u00bb16px\u00a0\u00bb text_line_height=\u00a0\u00bb1.8em\u00a0\u00bb header_font_size=\u00a0\u00bb61px\u00a0\u00bb header_3_font=\u00a0\u00bbJosefin Sans||||||||\u00a0\u00bb header_3_font_size=\u00a0\u00bb51px\u00a0\u00bb header_5_font=\u00a0\u00bbJosefin Sans||||||||\u00a0\u00bb header_5_font_size=\u00a0\u00bb21px\u00a0\u00bb custom_margin=\u00a0\u00bb16px|||||\u00a0\u00bb text_font_size_tablet=\u00a0\u00bb\u00a0\u00bb text_font_size_phone=\u00a0\u00bb14px\u00a0\u00bb text_font_size_last_edited=\u00a0\u00bbon|phone\u00a0\u00bb locked=\u00a0\u00bboff\u00a0\u00bb global_colors_info=\u00a0\u00bb{}\u00a0\u00bb]<\/p>\n<h3 style=\"text-align: center;\">Mon cadre<\/h3>\n<p><em><strong><\/strong><\/em><\/p>\n<p><span>Je souhaite vous accueillir dans un <strong>cadre serein, s\u00e9curisant et contenant<\/strong> pour que vous puissiez y d\u00e9poser votre corps en toute qui\u00e9tude. J&rsquo;envisage le <strong>massage<\/strong> comme un <strong>art de la rencontre<\/strong> et de l<strong>&lsquo;instant pr\u00e9sent<\/strong>.<\/span><\/p>\n<h5>Nos engagements r\u00e9ciproques<\/h5>\n<ul>\n<li>Respect mutuel de la personne dans son enti\u00e8ret\u00e9 (d\u00e9cence, pas de jugement de valeur, pas de pros\u00e9lytisme)<\/li>\n<li>Respect de la ponctualit\u00e9 de la part des deux personnes<\/li>\n<li>Respect de l&rsquo;hygi\u00e8ne corporelle irr\u00e9prochable de la part du masseur et du mass\u00e9<\/li>\n<li>Prise de rendez-vous : appelez-moi et si je suis occup\u00e9e, laissez-moi un message vocal avec vos disponibilit\u00e9s pour que je puisse vous rappeler. Je ne r\u00e9ponds pas aux sms, messages sur Messenger, Instagram, merci de votre compr\u00e9hension.\u00a0<\/li>\n<\/ul>\n<h5>Mes engagements vis-\u00e0-vis de vous<span style=\"font-size: 16px; text-decoration-line: underline; color: #666666; font-family: 'Open Sans', Arial, sans-serif;\"><\/span><\/h5>\n<ul>\n<li>Une confidentialit\u00e9 totale de nos \u00e9changes<\/li>\n<li>Le respect des r\u00e8gles de base de l&rsquo;hygi\u00e8ne personnelle et vestimentaire<\/li>\n<li>Le respect du droit \u00e0 l&rsquo;intimit\u00e9 et \u00e0 la pudeur de l&rsquo;usager, tant lors de la pratique que lors du d\u00e9shabillage et habillage.<\/li>\n<li>Ne pas induire de diagnostic : si le praticien estime que l&rsquo;usager en a besoin, il doit lui sugg\u00e9rer de consulter son m\u00e9decin traitant.<\/li>\n<li>Je souscris donc totalement \u00e0 la\u00a0<strong><span style=\"color: #333333;\"><a href=\"https:\/\/www.ffmbe.fr\/page\/613999-deontologie\" target=\"_blank\" rel=\"noopener noreferrer\" title=\"FFMBE\" style=\"color: #333333;\">Charte d\u00e9ontologique de la FFMBE<\/a><\/span><\/strong><\/li>\n<\/ul>\n<p><strong><span style=\"color: #333333;\"><\/span><\/strong><\/p>\n<h5>Vos engagements vis-\u00e0-vis de moi<\/h5>\n<ul>\n<li>R\u00e8glement du massage par ch\u00e8que ou esp\u00e8ces \u00e0 la fin de la s\u00e9ance<\/li>\n<li>Annulation : une s\u00e9ance annul\u00e9e moins de 24 heures avant le rdv est une s\u00e9ance due.<\/li>\n<li>En cas de retard : ce temps sera d\u00e9compt\u00e9 de votre temps de massage.<\/li>\n<li>En cas de comportement inappropri\u00e9 ou de paroles d\u00e9plac\u00e9es, la s\u00e9ance prendra fin sur le champ sans remboursement de ma part.<\/li>\n<\/ul>\n<p>[\/et_pb_text][et_pb_button button_url=\u00a0\u00bbhttps:\/\/calendly.com\/d\/z65-ybp-c9y\u00a0\u00bb url_new_window=\u00a0\u00bbon\u00a0\u00bb button_text=\u00a0\u00bbPrendre rendez-vous\u00a0\u00bb button_alignment=\u00a0\u00bbcenter\u00a0\u00bb button_alignment_tablet=\u00a0\u00bbleft\u00a0\u00bb button_alignment_phone=\u00a0\u00bb\u00a0\u00bb button_alignment_last_edited=\u00a0\u00bbon|tablet\u00a0\u00bb _builder_version=\u00a0\u00bb4.16&Prime; custom_button=\u00a0\u00bbon\u00a0\u00bb button_text_size=\u00a0\u00bb22px\u00a0\u00bb button_bg_color=\u00a0\u00bb#80abed\u00a0\u00bb button_border_width=\u00a0\u00bb0px\u00a0\u00bb button_border_radius=\u00a0\u00bb50px\u00a0\u00bb button_font=\u00a0\u00bbJosefin Sans|600|||||||\u00a0\u00bb background_layout=\u00a0\u00bbdark\u00a0\u00bb custom_margin_tablet=\u00a0\u00bb0px||||false|false\u00a0\u00bb custom_margin_last_edited=\u00a0\u00bboff|desktop\u00a0\u00bb custom_padding=\u00a0\u00bb15px|40px|15px|40px|true|true\u00a0\u00bb button_text_size_tablet=\u00a0\u00bb18px\u00a0\u00bb button_text_size_phone=\u00a0\u00bb14px\u00a0\u00bb button_text_size_last_edited=\u00a0\u00bbon|phone\u00a0\u00bb locked=\u00a0\u00bboff\u00a0\u00bb global_colors_info=\u00a0\u00bb{}\u00a0\u00bb][\/et_pb_button][\/et_pb_column][\/et_pb_row][\/et_pb_section]<\/p>\n","protected":false},"excerpt":{"rendered":"<p>Mon cadre<\/p>\n","protected":false},"author":1,"featured_media":6238,"parent":0,"menu_order":0,"comment_status":"closed","ping_status":"closed","template":"","meta":{"_et_pb_use_builder":"on","_et_pb_old_content":"","_et_gb_content_width":"","footnotes":""},"class_list":["post-1850","page","type-page","status-publish","has-post-thumbnail","hentry"],"yoast_head":"<!-- This site is optimized with the Yoast SEO plugin v25.6 - https:\/\/yoast.com\/wordpress\/plugins\/seo\/ -->\n<title>Mon cadre | Les massages de Jeanne<\/title>\n<meta name=\"description\" content=\"Mon cadre : Mes engagements envers vous, vos engagements envers moi, nos engagements r\u00e9ciproques. Massage Dunkerque\" \/>\n<meta name=\"robots\" content=\"index, follow, max-snippet:-1, max-image-preview:large, max-video-preview:-1\" \/>\n<link rel=\"canonical\" href=\"https:\/\/lesmassagesdejeanne.com\/index.php\/mon-cadre-massage-dunkerque\/\" \/>\n<meta property=\"og:locale\" content=\"fr_FR\" \/>\n<meta property=\"og:type\" content=\"article\" \/>\n<meta property=\"og:title\" content=\"Mon cadre | Les massages de Jeanne\" \/>\n<meta property=\"og:description\" content=\"Mon cadre : Mes engagements envers vous, vos engagements envers moi, nos engagements r\u00e9ciproques. Massage Dunkerque\" \/>\n<meta property=\"og:url\" content=\"https:\/\/lesmassagesdejeanne.com\/index.php\/mon-cadre-massage-dunkerque\/\" \/>\n<meta property=\"og:site_name\" content=\"Les massages de Jeanne\" \/>\n<meta property=\"article:publisher\" content=\"https:\/\/www.facebook.com\/Les-massages-de-Jeanne-102220664920064\" \/>\n<meta property=\"article:modified_time\" content=\"2025-09-29T18:38:56+00:00\" \/>\n<meta property=\"og:image\" content=\"https:\/\/lesmassagesdejeanne.com\/wp-content\/uploads\/2025\/03\/DSC_0021-1-scaled.jpg\" \/>\n\t<meta property=\"og:image:width\" content=\"2560\" \/>\n\t<meta property=\"og:image:height\" content=\"1708\" \/>\n\t<meta property=\"og:image:type\" content=\"image\/jpeg\" \/>\n<meta name=\"twitter:card\" content=\"summary_large_image\" \/>\n<meta name=\"twitter:label1\" content=\"Dur\u00e9e de lecture estim\u00e9e\" \/>\n\t<meta name=\"twitter:data1\" content=\"2 minutes\" \/>\n<script type=\"application\/ld+json\" class=\"yoast-schema-graph\">{\"@context\":\"https:\/\/schema.org\",\"@graph\":[{\"@type\":\"WebPage\",\"@id\":\"https:\/\/lesmassagesdejeanne.com\/index.php\/mon-cadre-massage-dunkerque\/\",\"url\":\"https:\/\/lesmassagesdejeanne.com\/index.php\/mon-cadre-massage-dunkerque\/\",\"name\":\"Mon cadre | Les massages de Jeanne\",\"isPartOf\":{\"@id\":\"https:\/\/lesmassagesdejeanne.com\/#website\"},\"primaryImageOfPage\":{\"@id\":\"https:\/\/lesmassagesdejeanne.com\/index.php\/mon-cadre-massage-dunkerque\/#primaryimage\"},\"image\":{\"@id\":\"https:\/\/lesmassagesdejeanne.com\/index.php\/mon-cadre-massage-dunkerque\/#primaryimage\"},\"thumbnailUrl\":\"https:\/\/lesmassagesdejeanne.com\/wp-content\/uploads\/2025\/03\/DSC_0021-1-scaled.jpg\",\"datePublished\":\"2021-07-25T08:22:39+00:00\",\"dateModified\":\"2025-09-29T18:38:56+00:00\",\"description\":\"Mon cadre : Mes engagements envers vous, vos engagements envers moi, nos engagements r\u00e9ciproques. Massage Dunkerque\",\"breadcrumb\":{\"@id\":\"https:\/\/lesmassagesdejeanne.com\/index.php\/mon-cadre-massage-dunkerque\/#breadcrumb\"},\"inLanguage\":\"fr-FR\",\"potentialAction\":[{\"@type\":\"ReadAction\",\"target\":[\"https:\/\/lesmassagesdejeanne.com\/index.php\/mon-cadre-massage-dunkerque\/\"]}]},{\"@type\":\"ImageObject\",\"inLanguage\":\"fr-FR\",\"@id\":\"https:\/\/lesmassagesdejeanne.com\/index.php\/mon-cadre-massage-dunkerque\/#primaryimage\",\"url\":\"https:\/\/lesmassagesdejeanne.com\/wp-content\/uploads\/2025\/03\/DSC_0021-1-scaled.jpg\",\"contentUrl\":\"https:\/\/lesmassagesdejeanne.com\/wp-content\/uploads\/2025\/03\/DSC_0021-1-scaled.jpg\",\"width\":2560,\"height\":1708,\"caption\":\"massage intuitif dunkerque\"},{\"@type\":\"BreadcrumbList\",\"@id\":\"https:\/\/lesmassagesdejeanne.com\/index.php\/mon-cadre-massage-dunkerque\/#breadcrumb\",\"itemListElement\":[{\"@type\":\"ListItem\",\"position\":1,\"name\":\"Accueil\",\"item\":\"https:\/\/lesmassagesdejeanne.com\/\"},{\"@type\":\"ListItem\",\"position\":2,\"name\":\"Mon cadre\"}]},{\"@type\":\"WebSite\",\"@id\":\"https:\/\/lesmassagesdejeanne.com\/#website\",\"url\":\"https:\/\/lesmassagesdejeanne.com\/\",\"name\":\"Les massages de Jeanne\",\"description\":\"Se reconnecter \u00e0 soi par le massage\",\"publisher\":{\"@id\":\"https:\/\/lesmassagesdejeanne.com\/#organization\"},\"potentialAction\":[{\"@type\":\"SearchAction\",\"target\":{\"@type\":\"EntryPoint\",\"urlTemplate\":\"https:\/\/lesmassagesdejeanne.com\/?s={search_term_string}\"},\"query-input\":{\"@type\":\"PropertyValueSpecification\",\"valueRequired\":true,\"valueName\":\"search_term_string\"}}],\"inLanguage\":\"fr-FR\"},{\"@type\":\"Organization\",\"@id\":\"https:\/\/lesmassagesdejeanne.com\/#organization\",\"name\":\"Les massages de Jeanne\",\"url\":\"https:\/\/lesmassagesdejeanne.com\/\",\"logo\":{\"@type\":\"ImageObject\",\"inLanguage\":\"fr-FR\",\"@id\":\"https:\/\/lesmassagesdejeanne.com\/#\/schema\/logo\/image\/\",\"url\":\"https:\/\/lesmassagesdejeanne.com\/wp-content\/uploads\/2021\/01\/Logo-noir-Jeanne2.png\",\"contentUrl\":\"https:\/\/lesmassagesdejeanne.com\/wp-content\/uploads\/2021\/01\/Logo-noir-Jeanne2.png\",\"width\":1048,\"height\":1209,\"caption\":\"Les massages de Jeanne\"},\"image\":{\"@id\":\"https:\/\/lesmassagesdejeanne.com\/#\/schema\/logo\/image\/\"},\"sameAs\":[\"https:\/\/www.facebook.com\/Les-massages-de-Jeanne-102220664920064\",\"https:\/\/www.instagram.com\/jeanne_masseuse_intuitive_dk\/\"]}]}<\/script>\n<!-- \/ Yoast SEO plugin. -->","yoast_head_json":{"title":"Mon cadre | Les massages de Jeanne","description":"Mon cadre : Mes engagements envers vous, vos engagements envers moi, nos engagements r\u00e9ciproques. Massage Dunkerque","robots":{"index":"index","follow":"follow","max-snippet":"max-snippet:-1","max-image-preview":"max-image-preview:large","max-video-preview":"max-video-preview:-1"},"canonical":"https:\/\/lesmassagesdejeanne.com\/index.php\/mon-cadre-massage-dunkerque\/","og_locale":"fr_FR","og_type":"article","og_title":"Mon cadre | Les massages de Jeanne","og_description":"Mon cadre : Mes engagements envers vous, vos engagements envers moi, nos engagements r\u00e9ciproques. Massage Dunkerque","og_url":"https:\/\/lesmassagesdejeanne.com\/index.php\/mon-cadre-massage-dunkerque\/","og_site_name":"Les massages de Jeanne","article_publisher":"https:\/\/www.facebook.com\/Les-massages-de-Jeanne-102220664920064","article_modified_time":"2025-09-29T18:38:56+00:00","og_image":[{"width":2560,"height":1708,"url":"https:\/\/lesmassagesdejeanne.com\/wp-content\/uploads\/2025\/03\/DSC_0021-1-scaled.jpg","type":"image\/jpeg"}],"twitter_card":"summary_large_image","twitter_misc":{"Dur\u00e9e de lecture estim\u00e9e":"2 minutes"},"schema":{"@context":"https:\/\/schema.org","@graph":[{"@type":"WebPage","@id":"https:\/\/lesmassagesdejeanne.com\/index.php\/mon-cadre-massage-dunkerque\/","url":"https:\/\/lesmassagesdejeanne.com\/index.php\/mon-cadre-massage-dunkerque\/","name":"Mon cadre | Les massages de Jeanne","isPartOf":{"@id":"https:\/\/lesmassagesdejeanne.com\/#website"},"primaryImageOfPage":{"@id":"https:\/\/lesmassagesdejeanne.com\/index.php\/mon-cadre-massage-dunkerque\/#primaryimage"},"image":{"@id":"https:\/\/lesmassagesdejeanne.com\/index.php\/mon-cadre-massage-dunkerque\/#primaryimage"},"thumbnailUrl":"https:\/\/lesmassagesdejeanne.com\/wp-content\/uploads\/2025\/03\/DSC_0021-1-scaled.jpg","datePublished":"2021-07-25T08:22:39+00:00","dateModified":"2025-09-29T18:38:56+00:00","description":"Mon cadre : Mes engagements envers vous, vos engagements envers moi, nos engagements r\u00e9ciproques. Massage Dunkerque","breadcrumb":{"@id":"https:\/\/lesmassagesdejeanne.com\/index.php\/mon-cadre-massage-dunkerque\/#breadcrumb"},"inLanguage":"fr-FR","potentialAction":[{"@type":"ReadAction","target":["https:\/\/lesmassagesdejeanne.com\/index.php\/mon-cadre-massage-dunkerque\/"]}]},{"@type":"ImageObject","inLanguage":"fr-FR","@id":"https:\/\/lesmassagesdejeanne.com\/index.php\/mon-cadre-massage-dunkerque\/#primaryimage","url":"https:\/\/lesmassagesdejeanne.com\/wp-content\/uploads\/2025\/03\/DSC_0021-1-scaled.jpg","contentUrl":"https:\/\/lesmassagesdejeanne.com\/wp-content\/uploads\/2025\/03\/DSC_0021-1-scaled.jpg","width":2560,"height":1708,"caption":"massage intuitif dunkerque"},{"@type":"BreadcrumbList","@id":"https:\/\/lesmassagesdejeanne.com\/index.php\/mon-cadre-massage-dunkerque\/#breadcrumb","itemListElement":[{"@type":"ListItem","position":1,"name":"Accueil","item":"https:\/\/lesmassagesdejeanne.com\/"},{"@type":"ListItem","position":2,"name":"Mon cadre"}]},{"@type":"WebSite","@id":"https:\/\/lesmassagesdejeanne.com\/#website","url":"https:\/\/lesmassagesdejeanne.com\/","name":"Les massages de Jeanne","description":"Se reconnecter \u00e0 soi par le massage","publisher":{"@id":"https:\/\/lesmassagesdejeanne.com\/#organization"},"potentialAction":[{"@type":"SearchAction","target":{"@type":"EntryPoint","urlTemplate":"https:\/\/lesmassagesdejeanne.com\/?s={search_term_string}"},"query-input":{"@type":"PropertyValueSpecification","valueRequired":true,"valueName":"search_term_string"}}],"inLanguage":"fr-FR"},{"@type":"Organization","@id":"https:\/\/lesmassagesdejeanne.com\/#organization","name":"Les massages de Jeanne","url":"https:\/\/lesmassagesdejeanne.com\/","logo":{"@type":"ImageObject","inLanguage":"fr-FR","@id":"https:\/\/lesmassagesdejeanne.com\/#\/schema\/logo\/image\/","url":"https:\/\/lesmassagesdejeanne.com\/wp-content\/uploads\/2021\/01\/Logo-noir-Jeanne2.png","contentUrl":"https:\/\/lesmassagesdejeanne.com\/wp-content\/uploads\/2021\/01\/Logo-noir-Jeanne2.png","width":1048,"height":1209,"caption":"Les massages de Jeanne"},"image":{"@id":"https:\/\/lesmassagesdejeanne.com\/#\/schema\/logo\/image\/"},"sameAs":["https:\/\/www.facebook.com\/Les-massages-de-Jeanne-102220664920064","https:\/\/www.instagram.com\/jeanne_masseuse_intuitive_dk\/"]}]}},"_links":{"self":[{"href":"https:\/\/lesmassagesdejeanne.com\/index.php\/wp-json\/wp\/v2\/pages\/1850","targetHints":{"allow":["GET"]}}],"collection":[{"href":"https:\/\/lesmassagesdejeanne.com\/index.php\/wp-json\/wp\/v2\/pages"}],"about":[{"href":"https:\/\/lesmassagesdejeanne.com\/index.php\/wp-json\/wp\/v2\/types\/page"}],"author":[{"embeddable":true,"href":"https:\/\/lesmassagesdejeanne.com\/index.php\/wp-json\/wp\/v2\/users\/1"}],"replies":[{"embeddable":true,"href":"https:\/\/lesmassagesdejeanne.com\/index.php\/wp-json\/wp\/v2\/comments?post=1850"}],"version-history":[{"count":18,"href":"https:\/\/lesmassagesdejeanne.com\/index.php\/wp-json\/wp\/v2\/pages\/1850\/revisions"}],"predecessor-version":[{"id":6892,"href":"https:\/\/lesmassagesdejeanne.com\/index.php\/wp-json\/wp\/v2\/pages\/1850\/revisions\/6892"}],"wp:featuredmedia":[{"embeddable":true,"href":"https:\/\/lesmassagesdejeanne.com\/index.php\/wp-json\/wp\/v2\/media\/6238"}],"wp:attachment":[{"href":"https:\/\/lesmassagesdejeanne.com\/index.php\/wp-json\/wp\/v2\/media?parent=1850"}],"curies":[{"name":"wp","href":"https:\/\/api.w.org\/{rel}","templated":true}]}}