{"id":1370,"date":"2021-06-20T13:52:55","date_gmt":"2021-06-20T11:52:55","guid":{"rendered":"https:\/\/lesmassagesdejeanne.com\/?page_id=1370"},"modified":"2025-04-07T14:02:57","modified_gmt":"2025-04-07T12:02:57","slug":"mes-articles-de-blog-ressources","status":"publish","type":"page","link":"https:\/\/lesmassagesdejeanne.com\/index.php\/mes-articles-de-blog-ressources\/","title":{"rendered":"Blog"},"content":{"rendered":"<p>[et_pb_section fb_built=\u00a0\u00bb1&Prime; custom_padding_last_edited=\u00a0\u00bbon|tablet\u00a0\u00bb admin_label=\u00a0\u00bbHeader\u00a0\u00bb _builder_version=\u00a0\u00bb4.27.4&Prime; background_enable_color=\u00a0\u00bboff\u00a0\u00bb use_background_color_gradient=\u00a0\u00bbon\u00a0\u00bb background_color_gradient_stops=\u00a0\u00bbrgba(255,255,255,0) 0%|rgba(0,0,0,0.44) 100%\u00a0\u00bb background_color_gradient_overlays_image=\u00a0\u00bbon\u00a0\u00bb background_color_gradient_start=\u00a0\u00bbrgba(0,0,0,0.83)\u00a0\u00bb background_color_gradient_start_position=\u00a0\u00bb20%\u00a0\u00bb background_color_gradient_end=\u00a0\u00bbrgba(0,0,0,0.44)\u00a0\u00bb background_image=\u00a0\u00bbhttps:\/\/lesmassagesdejeanne.com\/wp-content\/uploads\/2025\/04\/Banniere-Promotion-de-vetements-Elegant-Bleu-1-scaled.webp\u00a0\u00bb custom_padding=\u00a0\u00bb8vw||8vw||true|false\u00a0\u00bb custom_padding_tablet=\u00a0\u00bb||100px||false|false\u00a0\u00bb custom_padding_phone=\u00a0\u00bb\u00a0\u00bb hover_enabled=\u00a0\u00bb0&Prime; locked=\u00a0\u00bboff\u00a0\u00bb global_colors_info=\u00a0\u00bb{}\u00a0\u00bb alt=\u00a0\u00bbles massages de jeanne\u00a0\u00bb title_text=\u00a0\u00bbBanni\u00e8re Promotion de v\u00eatements \u00c9l\u00e9gant Bleu (1)\u00a0\u00bb sticky_enabled=\u00a0\u00bb0&Prime;][et_pb_row make_equal=\u00a0\u00bbon\u00a0\u00bb _builder_version=\u00a0\u00bb4.16&Prime; global_colors_info=\u00a0\u00bb{}\u00a0\u00bb][et_pb_column type=\u00a0\u00bb4_4&Prime; _builder_version=\u00a0\u00bb4.16&Prime; global_colors_info=\u00a0\u00bb{}\u00a0\u00bb][et_pb_text _builder_version=\u00a0\u00bb4.27.4&Prime; text_font=\u00a0\u00bbMuli||||||||\u00a0\u00bb text_font_size=\u00a0\u00bb22px\u00a0\u00bb text_line_height=\u00a0\u00bb1.4em\u00a0\u00bb header_font=\u00a0\u00bbZCOOL XiaoWei||||||||\u00a0\u00bb header_text_color=\u00a0\u00bb#a9804a\u00a0\u00bb header_font_size=\u00a0\u00bb80px\u00a0\u00bb background_layout=\u00a0\u00bbdark\u00a0\u00bb max_width=\u00a0\u00bb700px\u00a0\u00bb module_alignment=\u00a0\u00bbcenter\u00a0\u00bb hover_enabled=\u00a0\u00bb0&Prime; text_font_size_tablet=\u00a0\u00bb18px\u00a0\u00bb text_font_size_phone=\u00a0\u00bb16px\u00a0\u00bb text_font_size_last_edited=\u00a0\u00bbon|tablet\u00a0\u00bb text_line_height_tablet=\u00a0\u00bb\u00a0\u00bb text_line_height_phone=\u00a0\u00bb1.8em\u00a0\u00bb text_line_height_last_edited=\u00a0\u00bbon|tablet\u00a0\u00bb header_font_size_tablet=\u00a0\u00bb48px\u00a0\u00bb header_font_size_phone=\u00a0\u00bb30px\u00a0\u00bb header_font_size_last_edited=\u00a0\u00bbon|phone\u00a0\u00bb locked=\u00a0\u00bboff\u00a0\u00bb global_colors_info=\u00a0\u00bb{}\u00a0\u00bb sticky_enabled=\u00a0\u00bb0&Prime;]<\/p>\n<h1><span style=\"color: #333333;\">Mes articles<\/span><\/h1>\n<p><span style=\"color: #333333;\">\u00c0 travers ces articles de blog, je vous propose de vous partager quelques-unes de mes r\u00e9flexions sur ma pratique &#8211; le massage Bien-\u00eatre et Intuitif &#8211; et sur les ressources et les inspirations qui la nourrissent.<\/span><\/p>\n<p><span style=\"color: #333333;\">Bonne lecture !<\/span><\/p>\n<p><span style=\"color: #333333;\">Jeanne<\/span><\/p>\n<p>[\/et_pb_text][\/et_pb_column][\/et_pb_row][et_pb_row _builder_version=\u00a0\u00bb4.16&Prime; background_color=\u00a0\u00bb#ffffff\u00a0\u00bb custom_padding=\u00a0\u00bb0px||0px||true|false\u00a0\u00bb animation_style=\u00a0\u00bbflip\u00a0\u00bb animation_direction=\u00a0\u00bbtop\u00a0\u00bb animation_duration=\u00a0\u00bb500ms\u00a0\u00bb animation_delay=\u00a0\u00bb250ms\u00a0\u00bb animation_intensity_flip=\u00a0\u00bb15%\u00a0\u00bb border_width_all=\u00a0\u00bb30px\u00a0\u00bb border_color_all=\u00a0\u00bb#ffffff\u00a0\u00bb border_width_all_tablet=\u00a0\u00bb20px\u00a0\u00bb border_width_all_phone=\u00a0\u00bb10px\u00a0\u00bb border_width_all_last_edited=\u00a0\u00bbon|phone\u00a0\u00bb global_colors_info=\u00a0\u00bb{}\u00a0\u00bb][et_pb_column type=\u00a0\u00bb4_4&Prime; _builder_version=\u00a0\u00bb4.16&Prime; border_width_all=\u00a0\u00bb2px\u00a0\u00bb global_colors_info=\u00a0\u00bb{}\u00a0\u00bb][et_pb_post_slider posts_number=\u00a0\u00bb3&Prime; show_image=\u00a0\u00bboff\u00a0\u00bb use_bg_overlay=\u00a0\u00bboff\u00a0\u00bb _builder_version=\u00a0\u00bb4.16&Prime; header_font=\u00a0\u00bbJosefin Sans||||||||\u00a0\u00bb header_font_size=\u00a0\u00bb30px\u00a0\u00bb header_line_height=\u00a0\u00bb1.2em\u00a0\u00bb body_font=\u00a0\u00bbMuli||||||||\u00a0\u00bb body_font_size=\u00a0\u00bb18px\u00a0\u00bb body_line_height=\u00a0\u00bb1.8em\u00a0\u00bb background_enable_color=\u00a0\u00bboff\u00a0\u00bb custom_button=\u00a0\u00bbon\u00a0\u00bb button_text_size=\u00a0\u00bb22px\u00a0\u00bb button_text_color=\u00a0\u00bb#ffffff\u00a0\u00bb button_bg_color=\u00a0\u00bb#82aded\u00a0\u00bb button_border_width=\u00a0\u00bb0px\u00a0\u00bb button_border_radius=\u00a0\u00bb50px\u00a0\u00bb button_font=\u00a0\u00bbJosefin Sans|600|||||||\u00a0\u00bb background_layout=\u00a0\u00bblight\u00a0\u00bb custom_padding=\u00a0\u00bb|30px||30px|false|true\u00a0\u00bb header_font_size_tablet=\u00a0\u00bb24px\u00a0\u00bb header_font_size_phone=\u00a0\u00bb16px\u00a0\u00bb header_font_size_last_edited=\u00a0\u00bbon|desktop\u00a0\u00bb header_line_height_tablet=\u00a0\u00bb1.8em\u00a0\u00bb header_line_height_phone=\u00a0\u00bb\u00a0\u00bb header_line_height_last_edited=\u00a0\u00bbon|tablet\u00a0\u00bb body_font_size_tablet=\u00a0\u00bb16px\u00a0\u00bb body_font_size_phone=\u00a0\u00bb14px\u00a0\u00bb body_font_size_last_edited=\u00a0\u00bbon|tablet\u00a0\u00bb button_text_size_tablet=\u00a0\u00bb18px\u00a0\u00bb button_text_size_phone=\u00a0\u00bb14px\u00a0\u00bb button_text_size_last_edited=\u00a0\u00bbon|phone\u00a0\u00bb custom_css_slide_meta=\u00a0\u00bbmargin-bottom: 10px;\u00a0\u00bb global_colors_info=\u00a0\u00bb{}\u00a0\u00bb][\/et_pb_post_slider][\/et_pb_column][\/et_pb_row][\/et_pb_section][et_pb_section fb_built=\u00a0\u00bb1&Prime; admin_label=\u00a0\u00bbBlog\u00a0\u00bb _builder_version=\u00a0\u00bb4.16&Prime; custom_padding=\u00a0\u00bb||1px|||\u00a0\u00bb global_colors_info=\u00a0\u00bb{}\u00a0\u00bb][et_pb_row _builder_version=\u00a0\u00bb4.16&Prime; custom_margin=\u00a0\u00bb-140px|auto||auto||\u00a0\u00bb locked=\u00a0\u00bboff\u00a0\u00bb global_colors_info=\u00a0\u00bb{}\u00a0\u00bb][et_pb_column type=\u00a0\u00bb4_4&Prime; _builder_version=\u00a0\u00bb4.16&Prime; global_colors_info=\u00a0\u00bb{}\u00a0\u00bb][et_pb_blog fullwidth=\u00a0\u00bboff\u00a0\u00bb posts_number=\u00a0\u00bb6&Prime; excerpt_length=\u00a0\u00bb100&Prime; show_more=\u00a0\u00bbon\u00a0\u00bb show_author=\u00a0\u00bboff\u00a0\u00bb _builder_version=\u00a0\u00bb4.16&Prime; header_font=\u00a0\u00bbJosefin Sans|600|||||||\u00a0\u00bb header_line_height=\u00a0\u00bb1.8em\u00a0\u00bb body_font=\u00a0\u00bb||||||||\u00a0\u00bb body_line_height=\u00a0\u00bb1.8em\u00a0\u00bb meta_font=\u00a0\u00bbJosefin Sans||||||||\u00a0\u00bb meta_line_height=\u00a0\u00bb1.8em\u00a0\u00bb read_more_font=\u00a0\u00bb|600|||||||\u00a0\u00bb read_more_font_size=\u00a0\u00bb16px\u00a0\u00bb read_more_letter_spacing=\u00a0\u00bb1px\u00a0\u00bb read_more_line_height=\u00a0\u00bb1.6em\u00a0\u00bb pagination_font=\u00a0\u00bbJosefin Sans|700|||||||\u00a0\u00bb pagination_text_color=\u00a0\u00bb#84aeed\u00a0\u00bb pagination_font_size=\u00a0\u00bb22px\u00a0\u00bb pagination_line_height=\u00a0\u00bb1.4em\u00a0\u00bb body_link_text_color=\u00a0\u00bb#000000&Prime; background_enable_image=\u00a0\u00bboff\u00a0\u00bb parallax=\u00a0\u00bbon\u00a0\u00bb width=\u00a0\u00bb100%\u00a0\u00bb max_width=\u00a0\u00bb100%\u00a0\u00bb min_height=\u00a0\u00bb1000px\u00a0\u00bb height=\u00a0\u00bb1000px\u00a0\u00bb max_height=\u00a0\u00bb1000px\u00a0\u00bb custom_margin=\u00a0\u00bb2px||||false|false\u00a0\u00bb pagination_font_size_tablet=\u00a0\u00bb20px\u00a0\u00bb pagination_font_size_phone=\u00a0\u00bb18px\u00a0\u00bb pagination_font_size_last_edited=\u00a0\u00bbon|phone\u00a0\u00bb pagination_line_height_tablet=\u00a0\u00bb\u00a0\u00bb pagination_line_height_phone=\u00a0\u00bb1.8em\u00a0\u00bb pagination_line_height_last_edited=\u00a0\u00bbon|phone\u00a0\u00bb border_color_all=\u00a0\u00bb#000000&Prime; border_width_all_image=\u00a0\u00bb1px\u00a0\u00bb box_shadow_style=\u00a0\u00bbpreset4&Prime; box_shadow_horizontal=\u00a0\u00bb0px\u00a0\u00bb box_shadow_vertical=\u00a0\u00bb0px\u00a0\u00bb box_shadow_spread=\u00a0\u00bb1px\u00a0\u00bb box_shadow_color=\u00a0\u00bb#000000&Prime; global_colors_info=\u00a0\u00bb{}\u00a0\u00bb][\/et_pb_blog][et_pb_button button_url=\u00a0\u00bbhttps:\/\/lesmassagesdejeanne.com\/index.php\/mes-prestations\/\u00a0\u00bb url_new_window=\u00a0\u00bbon\u00a0\u00bb button_text=\u00a0\u00bbEn savoir plus sur mes prestations\u00a0\u00bb button_alignment=\u00a0\u00bbcenter\u00a0\u00bb button_alignment_tablet=\u00a0\u00bbleft\u00a0\u00bb button_alignment_phone=\u00a0\u00bb\u00a0\u00bb button_alignment_last_edited=\u00a0\u00bbon|tablet\u00a0\u00bb _builder_version=\u00a0\u00bb4.27.4&Prime; custom_button=\u00a0\u00bbon\u00a0\u00bb button_text_size=\u00a0\u00bb22px\u00a0\u00bb button_bg_color=\u00a0\u00bb#80abed\u00a0\u00bb button_border_width=\u00a0\u00bb0px\u00a0\u00bb button_border_radius=\u00a0\u00bb50px\u00a0\u00bb button_font=\u00a0\u00bbJosefin Sans|600|||||||\u00a0\u00bb background_layout=\u00a0\u00bbdark\u00a0\u00bb custom_margin_tablet=\u00a0\u00bb0px||||false|false\u00a0\u00bb custom_margin_last_edited=\u00a0\u00bboff|desktop\u00a0\u00bb custom_padding=\u00a0\u00bb15px|40px|15px|40px|true|true\u00a0\u00bb button_text_size_tablet=\u00a0\u00bb18px\u00a0\u00bb button_text_size_phone=\u00a0\u00bb14px\u00a0\u00bb button_text_size_last_edited=\u00a0\u00bbon|phone\u00a0\u00bb locked=\u00a0\u00bboff\u00a0\u00bb global_colors_info=\u00a0\u00bb{}\u00a0\u00bb][\/et_pb_button][\/et_pb_column][\/et_pb_row][\/et_pb_section]<\/p>\n","protected":false},"excerpt":{"rendered":"<p>Blog massage bien-\u00eatre Dunkerque<\/p>\n","protected":false},"author":1,"featured_media":1583,"parent":0,"menu_order":0,"comment_status":"closed","ping_status":"closed","template":"","meta":{"_et_pb_use_builder":"on","_et_pb_old_content":"","_et_gb_content_width":"","footnotes":""},"class_list":["post-1370","page","type-page","status-publish","has-post-thumbnail","hentry"],"yoast_head":"<!-- This site is optimized with the Yoast SEO plugin v25.6 - https:\/\/yoast.com\/wordpress\/plugins\/seo\/ -->\n<title>Mon blog, mes ressources et inspirations | Les massages de Jeanne<\/title>\n<meta name=\"description\" content=\"Je vous propose sur cette page de blog de vous partager certaines de mes r\u00e9flexions sur ma pratique, avec mes inspirations et ressources.\" \/>\n<meta name=\"robots\" content=\"index, follow, max-snippet:-1, max-image-preview:large, max-video-preview:-1\" \/>\n<link rel=\"canonical\" href=\"https:\/\/lesmassagesdejeanne.com\/index.php\/mes-articles-de-blog-ressources\/\" \/>\n<meta property=\"og:locale\" content=\"fr_FR\" \/>\n<meta property=\"og:type\" content=\"article\" \/>\n<meta property=\"og:title\" content=\"Mon blog, mes ressources et inspirations | Les massages de Jeanne\" \/>\n<meta property=\"og:description\" content=\"Je vous propose sur cette page de blog de vous partager certaines de mes r\u00e9flexions sur ma pratique, avec mes inspirations et ressources.\" \/>\n<meta property=\"og:url\" content=\"https:\/\/lesmassagesdejeanne.com\/index.php\/mes-articles-de-blog-ressources\/\" \/>\n<meta property=\"og:site_name\" content=\"Les massages de Jeanne\" \/>\n<meta property=\"article:publisher\" content=\"https:\/\/www.facebook.com\/Les-massages-de-Jeanne-102220664920064\" \/>\n<meta property=\"article:modified_time\" content=\"2025-04-07T12:02:57+00:00\" \/>\n<meta property=\"og:image\" content=\"https:\/\/lesmassagesdejeanne.com\/wp-content\/uploads\/2021\/06\/holistic-healer-11.jpg\" \/>\n\t<meta property=\"og:image:width\" content=\"400\" \/>\n\t<meta property=\"og:image:height\" content=\"618\" \/>\n\t<meta property=\"og:image:type\" content=\"image\/jpeg\" \/>\n<meta name=\"twitter:card\" content=\"summary_large_image\" \/>\n<meta name=\"twitter:label1\" content=\"Dur\u00e9e de lecture estim\u00e9e\" \/>\n\t<meta name=\"twitter:data1\" content=\"3 minutes\" \/>\n<script type=\"application\/ld+json\" class=\"yoast-schema-graph\">{\"@context\":\"https:\/\/schema.org\",\"@graph\":[{\"@type\":\"WebPage\",\"@id\":\"https:\/\/lesmassagesdejeanne.com\/index.php\/mes-articles-de-blog-ressources\/\",\"url\":\"https:\/\/lesmassagesdejeanne.com\/index.php\/mes-articles-de-blog-ressources\/\",\"name\":\"Mon blog, mes ressources et inspirations | Les massages de Jeanne\",\"isPartOf\":{\"@id\":\"https:\/\/lesmassagesdejeanne.com\/#website\"},\"primaryImageOfPage\":{\"@id\":\"https:\/\/lesmassagesdejeanne.com\/index.php\/mes-articles-de-blog-ressources\/#primaryimage\"},\"image\":{\"@id\":\"https:\/\/lesmassagesdejeanne.com\/index.php\/mes-articles-de-blog-ressources\/#primaryimage\"},\"thumbnailUrl\":\"https:\/\/lesmassagesdejeanne.com\/wp-content\/uploads\/2021\/06\/holistic-healer-11.jpg\",\"datePublished\":\"2021-06-20T11:52:55+00:00\",\"dateModified\":\"2025-04-07T12:02:57+00:00\",\"description\":\"Je vous propose sur cette page de blog de vous partager certaines de mes r\u00e9flexions sur ma pratique, avec mes inspirations et ressources.\",\"breadcrumb\":{\"@id\":\"https:\/\/lesmassagesdejeanne.com\/index.php\/mes-articles-de-blog-ressources\/#breadcrumb\"},\"inLanguage\":\"fr-FR\",\"potentialAction\":[{\"@type\":\"ReadAction\",\"target\":[\"https:\/\/lesmassagesdejeanne.com\/index.php\/mes-articles-de-blog-ressources\/\"]}]},{\"@type\":\"ImageObject\",\"inLanguage\":\"fr-FR\",\"@id\":\"https:\/\/lesmassagesdejeanne.com\/index.php\/mes-articles-de-blog-ressources\/#primaryimage\",\"url\":\"https:\/\/lesmassagesdejeanne.com\/wp-content\/uploads\/2021\/06\/holistic-healer-11.jpg\",\"contentUrl\":\"https:\/\/lesmassagesdejeanne.com\/wp-content\/uploads\/2021\/06\/holistic-healer-11.jpg\",\"width\":400,\"height\":618,\"caption\":\"Blog massage bien-\u00eatre Dunkerque\"},{\"@type\":\"BreadcrumbList\",\"@id\":\"https:\/\/lesmassagesdejeanne.com\/index.php\/mes-articles-de-blog-ressources\/#breadcrumb\",\"itemListElement\":[{\"@type\":\"ListItem\",\"position\":1,\"name\":\"Accueil\",\"item\":\"https:\/\/lesmassagesdejeanne.com\/\"},{\"@type\":\"ListItem\",\"position\":2,\"name\":\"Blog\"}]},{\"@type\":\"WebSite\",\"@id\":\"https:\/\/lesmassagesdejeanne.com\/#website\",\"url\":\"https:\/\/lesmassagesdejeanne.com\/\",\"name\":\"Les massages de Jeanne\",\"description\":\"Se reconnecter \u00e0 soi par le massage\",\"publisher\":{\"@id\":\"https:\/\/lesmassagesdejeanne.com\/#organization\"},\"potentialAction\":[{\"@type\":\"SearchAction\",\"target\":{\"@type\":\"EntryPoint\",\"urlTemplate\":\"https:\/\/lesmassagesdejeanne.com\/?s={search_term_string}\"},\"query-input\":{\"@type\":\"PropertyValueSpecification\",\"valueRequired\":true,\"valueName\":\"search_term_string\"}}],\"inLanguage\":\"fr-FR\"},{\"@type\":\"Organization\",\"@id\":\"https:\/\/lesmassagesdejeanne.com\/#organization\",\"name\":\"Les massages de Jeanne\",\"url\":\"https:\/\/lesmassagesdejeanne.com\/\",\"logo\":{\"@type\":\"ImageObject\",\"inLanguage\":\"fr-FR\",\"@id\":\"https:\/\/lesmassagesdejeanne.com\/#\/schema\/logo\/image\/\",\"url\":\"https:\/\/lesmassagesdejeanne.com\/wp-content\/uploads\/2021\/01\/Logo-noir-Jeanne2.png\",\"contentUrl\":\"https:\/\/lesmassagesdejeanne.com\/wp-content\/uploads\/2021\/01\/Logo-noir-Jeanne2.png\",\"width\":1048,\"height\":1209,\"caption\":\"Les massages de Jeanne\"},\"image\":{\"@id\":\"https:\/\/lesmassagesdejeanne.com\/#\/schema\/logo\/image\/\"},\"sameAs\":[\"https:\/\/www.facebook.com\/Les-massages-de-Jeanne-102220664920064\",\"https:\/\/www.instagram.com\/jeanne_masseuse_intuitive_dk\/\"]}]}<\/script>\n<!-- \/ Yoast SEO plugin. -->","yoast_head_json":{"title":"Mon blog, mes ressources et inspirations | Les massages de Jeanne","description":"Je vous propose sur cette page de blog de vous partager certaines de mes r\u00e9flexions sur ma pratique, avec mes inspirations et ressources.","robots":{"index":"index","follow":"follow","max-snippet":"max-snippet:-1","max-image-preview":"max-image-preview:large","max-video-preview":"max-video-preview:-1"},"canonical":"https:\/\/lesmassagesdejeanne.com\/index.php\/mes-articles-de-blog-ressources\/","og_locale":"fr_FR","og_type":"article","og_title":"Mon blog, mes ressources et inspirations | Les massages de Jeanne","og_description":"Je vous propose sur cette page de blog de vous partager certaines de mes r\u00e9flexions sur ma pratique, avec mes inspirations et ressources.","og_url":"https:\/\/lesmassagesdejeanne.com\/index.php\/mes-articles-de-blog-ressources\/","og_site_name":"Les massages de Jeanne","article_publisher":"https:\/\/www.facebook.com\/Les-massages-de-Jeanne-102220664920064","article_modified_time":"2025-04-07T12:02:57+00:00","og_image":[{"width":400,"height":618,"url":"https:\/\/lesmassagesdejeanne.com\/wp-content\/uploads\/2021\/06\/holistic-healer-11.jpg","type":"image\/jpeg"}],"twitter_card":"summary_large_image","twitter_misc":{"Dur\u00e9e de lecture estim\u00e9e":"3 minutes"},"schema":{"@context":"https:\/\/schema.org","@graph":[{"@type":"WebPage","@id":"https:\/\/lesmassagesdejeanne.com\/index.php\/mes-articles-de-blog-ressources\/","url":"https:\/\/lesmassagesdejeanne.com\/index.php\/mes-articles-de-blog-ressources\/","name":"Mon blog, mes ressources et inspirations | Les massages de Jeanne","isPartOf":{"@id":"https:\/\/lesmassagesdejeanne.com\/#website"},"primaryImageOfPage":{"@id":"https:\/\/lesmassagesdejeanne.com\/index.php\/mes-articles-de-blog-ressources\/#primaryimage"},"image":{"@id":"https:\/\/lesmassagesdejeanne.com\/index.php\/mes-articles-de-blog-ressources\/#primaryimage"},"thumbnailUrl":"https:\/\/lesmassagesdejeanne.com\/wp-content\/uploads\/2021\/06\/holistic-healer-11.jpg","datePublished":"2021-06-20T11:52:55+00:00","dateModified":"2025-04-07T12:02:57+00:00","description":"Je vous propose sur cette page de blog de vous partager certaines de mes r\u00e9flexions sur ma pratique, avec mes inspirations et ressources.","breadcrumb":{"@id":"https:\/\/lesmassagesdejeanne.com\/index.php\/mes-articles-de-blog-ressources\/#breadcrumb"},"inLanguage":"fr-FR","potentialAction":[{"@type":"ReadAction","target":["https:\/\/lesmassagesdejeanne.com\/index.php\/mes-articles-de-blog-ressources\/"]}]},{"@type":"ImageObject","inLanguage":"fr-FR","@id":"https:\/\/lesmassagesdejeanne.com\/index.php\/mes-articles-de-blog-ressources\/#primaryimage","url":"https:\/\/lesmassagesdejeanne.com\/wp-content\/uploads\/2021\/06\/holistic-healer-11.jpg","contentUrl":"https:\/\/lesmassagesdejeanne.com\/wp-content\/uploads\/2021\/06\/holistic-healer-11.jpg","width":400,"height":618,"caption":"Blog massage bien-\u00eatre Dunkerque"},{"@type":"BreadcrumbList","@id":"https:\/\/lesmassagesdejeanne.com\/index.php\/mes-articles-de-blog-ressources\/#breadcrumb","itemListElement":[{"@type":"ListItem","position":1,"name":"Accueil","item":"https:\/\/lesmassagesdejeanne.com\/"},{"@type":"ListItem","position":2,"name":"Blog"}]},{"@type":"WebSite","@id":"https:\/\/lesmassagesdejeanne.com\/#website","url":"https:\/\/lesmassagesdejeanne.com\/","name":"Les massages de Jeanne","description":"Se reconnecter \u00e0 soi par le massage","publisher":{"@id":"https:\/\/lesmassagesdejeanne.com\/#organization"},"potentialAction":[{"@type":"SearchAction","target":{"@type":"EntryPoint","urlTemplate":"https:\/\/lesmassagesdejeanne.com\/?s={search_term_string}"},"query-input":{"@type":"PropertyValueSpecification","valueRequired":true,"valueName":"search_term_string"}}],"inLanguage":"fr-FR"},{"@type":"Organization","@id":"https:\/\/lesmassagesdejeanne.com\/#organization","name":"Les massages de Jeanne","url":"https:\/\/lesmassagesdejeanne.com\/","logo":{"@type":"ImageObject","inLanguage":"fr-FR","@id":"https:\/\/lesmassagesdejeanne.com\/#\/schema\/logo\/image\/","url":"https:\/\/lesmassagesdejeanne.com\/wp-content\/uploads\/2021\/01\/Logo-noir-Jeanne2.png","contentUrl":"https:\/\/lesmassagesdejeanne.com\/wp-content\/uploads\/2021\/01\/Logo-noir-Jeanne2.png","width":1048,"height":1209,"caption":"Les massages de Jeanne"},"image":{"@id":"https:\/\/lesmassagesdejeanne.com\/#\/schema\/logo\/image\/"},"sameAs":["https:\/\/www.facebook.com\/Les-massages-de-Jeanne-102220664920064","https:\/\/www.instagram.com\/jeanne_masseuse_intuitive_dk\/"]}]}},"_links":{"self":[{"href":"https:\/\/lesmassagesdejeanne.com\/index.php\/wp-json\/wp\/v2\/pages\/1370","targetHints":{"allow":["GET"]}}],"collection":[{"href":"https:\/\/lesmassagesdejeanne.com\/index.php\/wp-json\/wp\/v2\/pages"}],"about":[{"href":"https:\/\/lesmassagesdejeanne.com\/index.php\/wp-json\/wp\/v2\/types\/page"}],"author":[{"embeddable":true,"href":"https:\/\/lesmassagesdejeanne.com\/index.php\/wp-json\/wp\/v2\/users\/1"}],"replies":[{"embeddable":true,"href":"https:\/\/lesmassagesdejeanne.com\/index.php\/wp-json\/wp\/v2\/comments?post=1370"}],"version-history":[{"count":39,"href":"https:\/\/lesmassagesdejeanne.com\/index.php\/wp-json\/wp\/v2\/pages\/1370\/revisions"}],"predecessor-version":[{"id":6615,"href":"https:\/\/lesmassagesdejeanne.com\/index.php\/wp-json\/wp\/v2\/pages\/1370\/revisions\/6615"}],"wp:featuredmedia":[{"embeddable":true,"href":"https:\/\/lesmassagesdejeanne.com\/index.php\/wp-json\/wp\/v2\/media\/1583"}],"wp:attachment":[{"href":"https:\/\/lesmassagesdejeanne.com\/index.php\/wp-json\/wp\/v2\/media?parent=1370"}],"curies":[{"name":"wp","href":"https:\/\/api.w.org\/{rel}","templated":true}]}}